{"id":77,"date":"2024-06-19T14:39:07","date_gmt":"2024-06-19T12:39:07","guid":{"rendered":"https:\/\/www.vog.de\/?page_id=77"},"modified":"2024-07-01T14:49:03","modified_gmt":"2024-07-01T12:49:03","slug":"brombeeren","status":"publish","type":"page","link":"https:\/\/www.vog.de\/index.php\/warensortiment\/brombeeren\/","title":{"rendered":"Brombeeren"},"content":{"rendered":"\n<div style=\"height:30px\" aria-hidden=\"true\" class=\"wp-block-spacer\"><\/div>\n\n\n\n<h3 class=\"wp-block-heading has-primary-color has-text-color has-link-color wp-elements-c97d4c0d9d7de54c4356775a02d8c389\" style=\"font-style:normal;font-weight:700\">Brombeeren<\/h3>\n\n\n\n<figure class=\"wp-block-table\"><table><thead><tr><th><strong>Zeitraum der Verf\u00fcgbarkeit<\/strong><\/th><th><strong>Verpackungsarten<\/strong><\/th><th class=\"has-text-align-right\" data-align=\"right\"><strong>Nettof\u00fcllgewicht<\/strong><\/th><\/tr><\/thead><tbody><tr><td>Mai &#8211; August<\/td><td>&nbsp;Holz \/ Pappstiege<\/td><td class=\"has-text-align-right\" data-align=\"right\">16 x 250g<br>8 x 250g<br><\/td><\/tr><\/tbody><\/table><\/figure>\n\n\n\n<div class=\"wp-block-columns is-layout-flex wp-container-core-columns-is-layout-28f84493 wp-block-columns-is-layout-flex\">\n<div class=\"wp-block-column is-layout-flow wp-block-column-is-layout-flow\" style=\"flex-basis:66.66%\">\n<div style=\"height:30px\" aria-hidden=\"true\" class=\"wp-block-spacer\"><\/div>\n\n\n\n<p><strong>Historie:<\/strong><\/p>\n\n\n\n<div style=\"height:11px\" aria-hidden=\"true\" class=\"wp-block-spacer\"><\/div>\n\n\n\n<p>Aus&nbsp; der Zeit von 750 bis 1050 stammt die \u00e4lteste schriftlich bezeugte Form der hochdeutschen&nbsp; Sprache, das Althochdeutsch. Damals war die Brombeere bei uns mit Sicherheit beheimatet, denn ihr Name hat sich aus dem Wort bramberi (Dorngestr\u00fcppbeere) entwickelt.<br>Die Brombeere geh\u00f6rt zu der Pflanzengattung Rubus und man unterscheidet mehrere tausend Arten, allein in Europa sind es mehr als 2000. Sie ist vor allem in den gem\u00e4\u00dfigten Breiten zu finden. Sie bevorzugt kalkhaltige und stickstoffreiche B\u00f6den in halbschattig bis sonnigen Lagen.<\/p>\n<\/div>\n\n\n\n<div class=\"wp-block-column is-layout-flow wp-block-column-is-layout-flow\" style=\"flex-basis:33.33%\">\n<figure class=\"wp-block-image alignright size-full is-resized\"><img loading=\"lazy\" decoding=\"async\" width=\"220\" height=\"192\" src=\"https:\/\/www.vog.de\/wp-content\/uploads\/2024\/06\/fotolia_47240315.jpg\" alt=\"\" class=\"wp-image-450\" style=\"width:241px;height:auto\"\/><\/figure>\n<\/div>\n<\/div>\n\n\n\n<p style=\"margin-top:0;margin-bottom:0\"><strong>Pflanzen, Bl\u00e4tter, Bl\u00fcten:<\/strong><\/p>\n\n\n\n<div style=\"height:11px\" aria-hidden=\"true\" class=\"wp-block-spacer\"><\/div>\n\n\n\n<p>Brombeeren klettern mit Hilfe ihrer Stacheln in H\u00f6hen von bis zu drei Metern. Die Vielzahl der Stacheln ist sortenabh\u00e4ngig, sie haben aber auch eine Fress-Schutzfunktion.<br>H\u00e4ufig werden im Sprachgebrauch Stacheln und Dornen verwechselt. Dornen sind umgebildete Organe und lassen sich nicht, wie die Stacheln, leicht von der Pflanze entfernen. Der Satz \u201eRosen haben Dornen\u201c stimmt daher aus botanischer Sicht nicht. &nbsp;<br>Die&nbsp; gefiederten und gez\u00e4hnten Bl\u00e4tter, die im Herbst nicht abgeworfen werden, sitzen wechselst\u00e4ndig an den Trieben.<br>Von den einzelnen Trieben gehen im zweiten Jahr Seitentriebe ab, an deren Ende&nbsp;&nbsp; Bl\u00fctenst\u00e4nde sitzen. Die meist wei\u00dfen Bl\u00fcten bilden sich zwischen Juni und August. Sind die Fr\u00fcchte reif, sterben die Triebe ab.<\/p>\n\n\n\n<div style=\"height:11px\" aria-hidden=\"true\" class=\"wp-block-spacer\"><\/div>\n\n\n\n<p style=\"margin-top:0;margin-bottom:0\"><strong>Fr\u00fcchte:<\/strong><\/p>\n\n\n\n<div style=\"height:11px\" aria-hidden=\"true\" class=\"wp-block-spacer\"><\/div>\n\n\n\n<p>Entlang der vorgew\u00f6lbten Bl\u00fctenachse bildet sich aus den zahlreichen Fruchtbl\u00e4ttern je eine kleine Steinfrucht. Im Aufbau gleicht diese z. B. einer Kirsche. Der kleine Stein tr\u00e4gt ebenso wie die Kirsche den Samen. Er wird von einer d\u00fcnnen Au\u00dfenhaut umschlossen. Die einzelnen kleinen Fr\u00fcchte haften auch nach der Fruchtreife zusammen. Daher geh\u00f6rt die Brombeere nicht zu den Beeren, sondern zu den Sammelsteinfr\u00fcchten.\u00a0 Die einzelne Brombeere ist, anders als bei der Himbeere, fest mit dem Bl\u00fctenboden verbunden.<br>F\u00fcr ihre blauschwarze Farbe sind, wie bei der Schwarzen Johannisbeere, Anthocyane verantwortlich.<br>Gepfl\u00fcckt werden k\u00f6nnen die Fr\u00fcchte von Juli bis Oktober.<\/p>\n\n\n\n<div style=\"height:11px\" aria-hidden=\"true\" class=\"wp-block-spacer\"><\/div>\n\n\n\n<p style=\"margin-top:0;margin-bottom:0\"><strong>Vermehrung:<\/strong><\/p>\n\n\n\n<div style=\"height:11px\" aria-hidden=\"true\" class=\"wp-block-spacer\"><\/div>\n\n\n\n<p>Verantwortlich f\u00fcr die Vielzahl der Brombeerarten sind ihre besonderen M\u00f6glichkeiten der Fortpflanzung. So k\u00f6nnen bei einer Kreuzung zwischen verschiedenen&nbsp; Arten ohne Befruchtung der Samen Klone entstehen. Bei dieser Art der Fortpflanzung haben Hybridpflanzen (Klone) identische Merkmale. Bis auf zwei Arten handelt es sich bei den Brombeerarten in Deutschland um stabile Klone.<br>In der Wildnis vermehren sich die Brombeeren \u00fcber Absenker und Ausl\u00e4ufer. Eine selbst\u00e4ndige, aber genetisch identische Pflanze entsteht, wenn Sprossen von der Mutterpflanze (Absenker) in einiger Entfernung&nbsp; von der Wurzel mit einem geeigneten Substrat dauerhaft in Ber\u00fchrung kommen und sich an dieser Kontaktstelle Wurzeln bilden.<\/p>\n\n\n\n<div style=\"height:11px\" aria-hidden=\"true\" class=\"wp-block-spacer\"><\/div>\n\n\n\n<p style=\"margin-top:0;margin-bottom:0\"><strong>Anbau:<\/strong><\/p>\n\n\n\n<div style=\"height:11px\" aria-hidden=\"true\" class=\"wp-block-spacer\"><\/div>\n\n\n\n<p>Im Anbau werden stachellose Zuchtformen bevorzugt, da sich die Fr\u00fcchte leichter pfl\u00fccken lassen. Um ihren kr\u00e4ftigen Wuchs \u00fcberschaubar zu halten, sollte man sie in einem Mindestabstand von&nbsp;3 Metern pflanzen und regelm\u00e4\u00dfig auslichten, um die Gefahr der Gestr\u00fcppbildung zu vermeiden. Sind die Fr\u00fcchte reif, sterben die tragenden Triebe ab. Diese sollten nach der Ernte entfernt werden.<\/p>\n\n\n\n<div style=\"height:11px\" aria-hidden=\"true\" class=\"wp-block-spacer\"><\/div>\n\n\n\n<p style=\"margin-top:0;margin-bottom:0\"><strong>Verwendung:<\/strong><\/p>\n\n\n\n<div style=\"height:11px\" aria-hidden=\"true\" class=\"wp-block-spacer\"><\/div>\n\n\n\n<p>Sowohl in der K\u00fcche als auch in der Medizin findet die Brombeere eine vielf\u00e4ltige Verwendung, sei es als Marmelade, Gelee, Saft oder Lik\u00f6r, die hergestellt werden, oder ein Aufguss aus Bl\u00fcten und Fr\u00fcchten in Wein, welcher gegen Gallensteine helfen soll. Die alten R\u00f6mer brauten die unterschiedlichsten Medikamente, die hier aufzuz\u00e4hlen zu weit f\u00fchren w\u00fcrde<strong>.<\/strong><\/p>\n\n\n\n<div style=\"height:11px\" aria-hidden=\"true\" class=\"wp-block-spacer\"><\/div>\n\n\n\n<figure class=\"wp-block-table is-style-stripes\" style=\"margin-top:var(--wp--preset--spacing--30);margin-bottom:var(--wp--preset--spacing--30)\"><table><tbody><tr><td><strong>Rezeptvorschlag: Brombeer-Apfelkuchen<\/strong><\/td><td>&nbsp;<\/td><\/tr><tr><td><img loading=\"lazy\" decoding=\"async\" src=\"https:\/\/www.vog.de\/media\/image\/fotolia_4089453.jpg\" alt=\"fotolia_4089453\" width=\"300\" height=\"200\"><\/td><td><strong>Zutaten:<\/strong><br>150 g Butter, 150 g Zucker, 150 g Mehl, 2 Eier<br>2 Pck. Vanillezucker, 1 Pck. Vanillepudding<br>1 TL Backpulver<br>250 g Brombeeren<br>250 g in Scheiben geschnittene \u00c4pfel<br>80 g Zucker, 150 g Mehl, 100 g Butter, 1 TL Zimt<strong>&nbsp;<\/strong><\/td><\/tr><\/tbody><\/table><\/figure>\n\n\n\n<p style=\"margin-top:0;margin-bottom:0\"><strong>Zubereitung:<\/strong><\/p>\n\n\n\n<div style=\"height:11px\" aria-hidden=\"true\" class=\"wp-block-spacer\"><\/div>\n\n\n\n<p>Butter, Zucker, 1 Pck. Vanillezucker schaumig r\u00fchren, die Eier nacheinander hinzuf\u00fcgen. Mehl mit Backpulver, Puddingpulver vermischen und unterr\u00fchren.<br>Teig in eine gefettete Springform f\u00fcllen. Brombeeren und \u00c4pfel darauf verteilen.<br>Zucker, Mehl, Butter, 1 Pck. Vanillezucker und Zimt zu Kr\u00fcmeln verarbeiten und \u00fcber die Fr\u00fcchte streuen.<br>Im vorgeheizten Backofen auf die mittlere Schiene schieben und bei 180\u00b0 etwa 50 Minuten backen.<\/p>\n","protected":false},"excerpt":{"rendered":"<p>Brombeeren Zeitraum der Verf\u00fcgbarkeit Verpackungsarten Nettof\u00fcllgewicht Mai &#8211; August &nbsp;Holz \/ Pappstiege 16 x 250g8 x 250g Historie: Aus&nbsp; der Zeit von 750 bis 1050 stammt die \u00e4lteste schriftlich bezeugte Form der hochdeutschen&nbsp; Sprache, das Althochdeutsch. Damals war die Brombeere bei uns mit Sicherheit beheimatet, denn ihr Name hat sich aus dem Wort bramberi (Dorngestr\u00fcppbeere) [&hellip;]<\/p>\n","protected":false},"author":1,"featured_media":0,"parent":109,"menu_order":11,"comment_status":"closed","ping_status":"closed","template":"","meta":{"footnotes":""},"class_list":["post-77","page","type-page","status-publish","hentry"],"_links":{"self":[{"href":"https:\/\/www.vog.de\/index.php\/wp-json\/wp\/v2\/pages\/77","targetHints":{"allow":["GET"]}}],"collection":[{"href":"https:\/\/www.vog.de\/index.php\/wp-json\/wp\/v2\/pages"}],"about":[{"href":"https:\/\/www.vog.de\/index.php\/wp-json\/wp\/v2\/types\/page"}],"author":[{"embeddable":true,"href":"https:\/\/www.vog.de\/index.php\/wp-json\/wp\/v2\/users\/1"}],"replies":[{"embeddable":true,"href":"https:\/\/www.vog.de\/index.php\/wp-json\/wp\/v2\/comments?post=77"}],"version-history":[{"count":7,"href":"https:\/\/www.vog.de\/index.php\/wp-json\/wp\/v2\/pages\/77\/revisions"}],"predecessor-version":[{"id":857,"href":"https:\/\/www.vog.de\/index.php\/wp-json\/wp\/v2\/pages\/77\/revisions\/857"}],"up":[{"embeddable":true,"href":"https:\/\/www.vog.de\/index.php\/wp-json\/wp\/v2\/pages\/109"}],"wp:attachment":[{"href":"https:\/\/www.vog.de\/index.php\/wp-json\/wp\/v2\/media?parent=77"}],"curies":[{"name":"wp","href":"https:\/\/api.w.org\/{rel}","templated":true}]}}