{"id":72,"date":"2024-06-19T14:39:42","date_gmt":"2024-06-19T12:39:42","guid":{"rendered":"https:\/\/www.vog.de\/?page_id=72"},"modified":"2024-07-01T14:52:13","modified_gmt":"2024-07-01T12:52:13","slug":"johannisbeeren","status":"publish","type":"page","link":"https:\/\/www.vog.de\/index.php\/warensortiment\/johannisbeeren\/","title":{"rendered":"Johannisbeeren"},"content":{"rendered":"\n<div style=\"height:30px\" aria-hidden=\"true\" class=\"wp-block-spacer\"><\/div>\n\n\n\n<h2 class=\"wp-block-heading has-primary-color has-text-color has-link-color wp-elements-22efa0008201f3a133667521096ed4ff\">Johannisbeeren <\/h2>\n\n\n\n<figure class=\"wp-block-table\"><table><thead><tr><th><strong>Zeitraum der Verf\u00fcgbarkeit<\/strong><\/th><th class=\"has-text-align-center\" data-align=\"center\"><strong>Erntemenge in Tonnen<\/strong><\/th><th><strong>Verpackungsarten<\/strong><\/th><th class=\"has-text-align-right\" data-align=\"right\"><strong>Nettof\u00fcllgewicht<\/strong><\/th><\/tr><\/thead><tbody><tr><td>Mai &#8211; August<\/td><td class=\"has-text-align-center\" data-align=\"center\">50<\/td><td>KS Kunststoff<br>Holzsteige<\/td><td class=\"has-text-align-right\" data-align=\"right\">6,0 kg<br>6,0 kg<br>&nbsp;10 x 500g<\/td><\/tr><\/tbody><\/table><\/figure>\n\n\n\n<div class=\"wp-block-columns is-layout-flex wp-container-core-columns-is-layout-28f84493 wp-block-columns-is-layout-flex\">\n<div class=\"wp-block-column is-layout-flow wp-block-column-is-layout-flow\" style=\"flex-basis:66.66%\">\n<div style=\"height:30px\" aria-hidden=\"true\" class=\"wp-block-spacer\"><\/div>\n\n\n\n<p><strong>Historie:<\/strong><\/p>\n\n\n\n<div style=\"height:11px\" aria-hidden=\"true\" class=\"wp-block-spacer\"><\/div>\n\n\n\n<p>Seit wann die Johannisbeere in unserer Region beheimatet ist, ist nicht bekannt. Da sie aber haupts\u00e4chlich in\u00a0 gem\u00e4\u00dfigten Klimazonen w\u00e4chst und ansonsten jeden Standort und Boden akzeptiert und sehr robust ist, kann man wohl davon ausgehen, dass sie schon lange verbreitet ist, zumal sie auch in den Anden zu finden ist.<\/p>\n\n\n\n<div style=\"height:11px\" aria-hidden=\"true\" class=\"wp-block-spacer\"><\/div>\n<\/div>\n\n\n\n<div class=\"wp-block-column is-layout-flow wp-block-column-is-layout-flow\" style=\"flex-basis:33.33%\">\n<figure class=\"wp-block-image alignright size-full is-resized\"><img loading=\"lazy\" decoding=\"async\" width=\"220\" height=\"146\" src=\"https:\/\/www.vog.de\/wp-content\/uploads\/2024\/06\/johannisbeeren-fotolia_4253754351a85cb0ed5e0.jpg\" alt=\"\" class=\"wp-image-442\" style=\"width:235px;height:auto\"\/><\/figure>\n<\/div>\n<\/div>\n\n\n\n<p><strong>Pflanzen:<\/strong><\/p>\n\n\n\n<div style=\"height:11px\" aria-hidden=\"true\" class=\"wp-block-spacer\"><\/div>\n\n\n\n<p>Die Johannisbeere z\u00e4hlt zur Familie der Stachelbeergew\u00e4chse (Ribes-Arten). Wir\u00a0 kennen drei Hauptsorten: Rote Johannisbeere, Schwarze Johannisbeere und Wei\u00dfe Johannisbeere.<br>Am zwei- bis mehrj\u00e4hrigen Holz tr\u00e4gt die\u00a0 Rote und die Wei\u00dfe Johannisbeere; am diesj\u00e4hrigen Holz bildet dagegen die Schwarze Johannisbeere ihre Fr\u00fcchte aus.<br>Beim kommerziellen Anbau ist man dazu \u00fcbergegangen, die Rote und Wei\u00dfe Johannisbeere\u00a0 als Hecke oder Spindel anzupflanzen, da man\u00a0 so die Beeren\u00a0 leichter ernten kann.<\/p>\n\n\n\n<div style=\"height:11px\" aria-hidden=\"true\" class=\"wp-block-spacer\"><\/div>\n\n\n\n<p><strong>Bl\u00fcten und Fr\u00fcchte:<\/strong><\/p>\n\n\n\n<div style=\"height:11px\" aria-hidden=\"true\" class=\"wp-block-spacer\"><\/div>\n\n\n\n<p>Die Bl\u00fcten sind als Rispe angelegt, aus jeder Bl\u00fcte entwickelt sich eine Beere, die als Traube am Zweig h\u00e4ngt.<br>Bei der Roten Johannisbeere sind die Beeren rund, glatt und rot bis dunkelrot. Im Inneren befinden sich kleine Samenk\u00f6rner. Sie hat ein wenig s\u00e4uerliches Aroma.<br>Wie der Name schon sagt, tr\u00e4gt die Schwarze Johannisbeere schwarz-violett gef\u00e4rbte Beeren, die ebenfalls rund und glatt sind. Ihre F\u00e4rbung ist auf ihren h\u00f6heren Anthocyan-Gehalt zur\u00fcckzuf\u00fchren.<br>Die Reifezeit der Beeren aus Deutschland ist Juni bis August<strong>.<\/strong><\/p>\n\n\n\n<div style=\"height:11px\" aria-hidden=\"true\" class=\"wp-block-spacer\"><\/div>\n\n\n\n<p><strong>Verwendung:<\/strong><\/p>\n\n\n\n<div style=\"height:11px\" aria-hidden=\"true\" class=\"wp-block-spacer\"><\/div>\n\n\n\n<p>Schon in den alten Kl\u00f6stern war&nbsp; die Heilwirkung der Johannisbeere bekannt, daher wird&nbsp; sie schon seit sehr langer Zeit in der traditionellen Medizin eingesetzt. Da die Johannisbeere einen sehr hohen Fruchts\u00e4uregehalt aufweist, hat sie auch eine leicht abf\u00fchrende Wirkung. Sie&nbsp; ist auch wassertreibend und kann bei Gicht Erleichterung bringen. Vor allem hat sie einen sehr hohen Vitamin C-Gehalt, der das Immunsystem des K\u00f6rpers nicht nur unterst\u00fctzt, sondern auch aktivieren kann.<br>Die Schwarze Johannisbeere ist vom gesundheitlichen Standpunkt aus gesehen die wertvollste Beerenobstart.<br>Eingesetzt wird die Johannisbeere auch in der Kosmetikindustrie.<br>Aus Johannisbeeren kann man Saft, Gelee und Gr\u00fctze zubereiten oder man nimmt sie als Belag f\u00fcr Kuchen. Vermischt man die Beeren mit Zucker, Milch oder Sahne schmecken sie roh gegessen sehr gut.<\/p>\n\n\n\n<div style=\"height:11px\" aria-hidden=\"true\" class=\"wp-block-spacer\"><\/div>\n\n\n\n<figure class=\"wp-block-table is-style-stripes\"><table><tbody><tr><td><strong>Rezeptvorschlag: Johannisbeer-Lik\u00f6r mit Kr\u00e4utern<\/strong><\/td><td>&nbsp;<\/td><\/tr><tr><td><img loading=\"lazy\" decoding=\"async\" src=\"https:\/\/www.vog.de\/media\/image\/johannesbeerenschnaps-fotolia_4348588951a85caee09c951af31699c9a5.jpg\" alt=\"johannesbeerenschnaps-fotolia_4348588951a85caee09c951af31699c9a5\" width=\"300\" height=\"200\"><\/td><td><strong>Zutaten:<\/strong><br>600 g schwarze Johannisbeeren<br>600 g wei\u00dfer Kandiszucker<br>10 g Fenchel<br>10 g Anis<br>10 g K\u00fcmmel<br>1 Zweig frische Pfefferminze<br>1 Liter&nbsp; klaren Schnaps<\/td><\/tr><\/tbody><\/table><\/figure>\n\n\n\n<div style=\"height:11px\" aria-hidden=\"true\" class=\"wp-block-spacer\"><\/div>\n\n\n\n<p><strong>Zubereitung:<\/strong><\/p>\n\n\n\n<div style=\"height:11px\" aria-hidden=\"true\" class=\"wp-block-spacer\"><\/div>\n\n\n\n<p>Kandiszucker&nbsp; und Johannisbeeren mit den Gew\u00fcrzen vermischen und&nbsp; in eine entsprechend gro\u00dfe Flasche geben und mit Schnaps auff\u00fcllen. Die Flasche verschlie\u00dfen und den Inhalt bis zu sechs&nbsp; Wochen durchziehen lassen. Dann die Beeren von dem entstandenen Lik\u00f6r trennen.<\/p>\n","protected":false},"excerpt":{"rendered":"<p>Johannisbeeren Zeitraum der Verf\u00fcgbarkeit Erntemenge in Tonnen Verpackungsarten Nettof\u00fcllgewicht Mai &#8211; August 50 KS KunststoffHolzsteige 6,0 kg6,0 kg&nbsp;10 x 500g Historie: Seit wann die Johannisbeere in unserer Region beheimatet ist, ist nicht bekannt. Da sie aber haupts\u00e4chlich in\u00a0 gem\u00e4\u00dfigten Klimazonen w\u00e4chst und ansonsten jeden Standort und Boden akzeptiert und sehr robust ist, kann man wohl [&hellip;]<\/p>\n","protected":false},"author":1,"featured_media":0,"parent":109,"menu_order":8,"comment_status":"closed","ping_status":"closed","template":"","meta":{"footnotes":""},"class_list":["post-72","page","type-page","status-publish","hentry"],"_links":{"self":[{"href":"https:\/\/www.vog.de\/index.php\/wp-json\/wp\/v2\/pages\/72","targetHints":{"allow":["GET"]}}],"collection":[{"href":"https:\/\/www.vog.de\/index.php\/wp-json\/wp\/v2\/pages"}],"about":[{"href":"https:\/\/www.vog.de\/index.php\/wp-json\/wp\/v2\/types\/page"}],"author":[{"embeddable":true,"href":"https:\/\/www.vog.de\/index.php\/wp-json\/wp\/v2\/users\/1"}],"replies":[{"embeddable":true,"href":"https:\/\/www.vog.de\/index.php\/wp-json\/wp\/v2\/comments?post=72"}],"version-history":[{"count":8,"href":"https:\/\/www.vog.de\/index.php\/wp-json\/wp\/v2\/pages\/72\/revisions"}],"predecessor-version":[{"id":860,"href":"https:\/\/www.vog.de\/index.php\/wp-json\/wp\/v2\/pages\/72\/revisions\/860"}],"up":[{"embeddable":true,"href":"https:\/\/www.vog.de\/index.php\/wp-json\/wp\/v2\/pages\/109"}],"wp:attachment":[{"href":"https:\/\/www.vog.de\/index.php\/wp-json\/wp\/v2\/media?parent=72"}],"curies":[{"name":"wp","href":"https:\/\/api.w.org\/{rel}","templated":true}]}}