{"id":69,"date":"2024-06-19T14:39:19","date_gmt":"2024-06-19T12:39:19","guid":{"rendered":"https:\/\/www.vog.de\/?page_id=69"},"modified":"2024-07-01T14:50:00","modified_gmt":"2024-07-01T12:50:00","slug":"erdbeeren","status":"publish","type":"page","link":"https:\/\/www.vog.de\/index.php\/warensortiment\/erdbeeren\/","title":{"rendered":"Erdbeeren"},"content":{"rendered":"\n<div style=\"height:30px\" aria-hidden=\"true\" class=\"wp-block-spacer\"><\/div>\n\n\n\n<h3 class=\"wp-block-heading has-primary-color has-text-color has-link-color wp-elements-1f6e6b5ef1db4949eb6be02b6804ba00\" style=\"font-style:normal;font-weight:700\">Erdbeeren<\/h3>\n\n\n\n<figure class=\"wp-block-table\"><table><thead><tr><th><strong>Zeitraum der Verf\u00fcgbarkeit<\/strong><\/th><th class=\"has-text-align-center\" data-align=\"center\"><strong>Erntemenge in Tonnen<\/strong><\/th><th><strong>Verpackungsarten<\/strong><\/th><th class=\"has-text-align-right\" data-align=\"right\"><strong>Nettof\u00fcllgewicht<\/strong><\/th><\/tr><\/thead><tbody><tr><td>Mai &#8211; Juni<\/td><td class=\"has-text-align-center\" data-align=\"center\">100<\/td><td>&nbsp;Holz \/ Pappsteige<\/td><td class=\"has-text-align-right\" data-align=\"right\">10 x 500g<\/td><\/tr><\/tbody><\/table><\/figure>\n\n\n\n<div class=\"wp-block-columns is-layout-flex wp-container-core-columns-is-layout-28f84493 wp-block-columns-is-layout-flex\">\n<div class=\"wp-block-column is-layout-flow wp-block-column-is-layout-flow\" style=\"flex-basis:66.66%\">\n<div style=\"height:30px\" aria-hidden=\"true\" class=\"wp-block-spacer\"><\/div>\n\n\n\n<p><strong>Historie:<\/strong><\/p>\n\n\n\n<div style=\"height:11px\" aria-hidden=\"true\" class=\"wp-block-spacer\"><\/div>\n\n\n\n<p>Schon die Steinzeitmenschen hatten, wie wir aus arch\u00e4ologischen Funden wissen, die kleine Walderdbeere gekannt. Im Mittelalter wurde sie auf gro\u00dfen Fl\u00e4chen kultiviert. Ihre heutige Gr\u00f6\u00dfe erhielt sie allerdings erst im 18. Jahrhundert durch Kreuzungen mit gro\u00dffruchtigen Pflanzen, die\u00a0 jenseits des Atlantischen Ozeans wuchsen. So entwickelte sich unsere heutige Gartenerdbeere.<\/p>\n\n\n\n<div style=\"height:11px\" aria-hidden=\"true\" class=\"wp-block-spacer\"><\/div>\n<\/div>\n\n\n\n<div class=\"wp-block-column is-layout-flow wp-block-column-is-layout-flow\" style=\"flex-basis:33.33%\">\n<figure class=\"wp-block-image alignright size-full\"><img loading=\"lazy\" decoding=\"async\" width=\"220\" height=\"169\" src=\"https:\/\/www.vog.de\/wp-content\/uploads\/2024\/06\/fotolia_41392100.jpg\" alt=\"\" class=\"wp-image-433\"\/><\/figure>\n<\/div>\n<\/div>\n\n\n\n<p><strong>Pflanze:<\/strong><\/p>\n\n\n\n<div style=\"height:11px\" aria-hidden=\"true\" class=\"wp-block-spacer\"><\/div>\n\n\n\n<p>Zwar bezeichnen wir die Erdbeere als \u201eBeere\u201c, doch aus botanischer Sicht ist dies nicht korrekt. Sie entstammt der Familie der Rosengew\u00e4chse und geh\u00f6rt zu den Sammelnussfr\u00fcchten.<br>Die Bl\u00fcten der Erdbeere sind in der Regel wei\u00df, selten gelblich. Am Grund der Bl\u00fcte befindet\u00a0 der Bl\u00fctenbecher, der f\u00fcnf gr\u00fcne Kelchbl\u00e4tter und f\u00fcnf rundliche Kronbl\u00e4tter tr\u00e4gt. Auf diesem Bl\u00fctenboden befinden sich zahlreiche Fruchtbl\u00e4tter. Dieser Bl\u00fctenboden bildet bei der Reife eine fleischige und saftige Scheinbeere oder auch Scheinfrucht genannt.<br>Es handelt sich demnach bei der Erdbeere um eine Sammelfrucht; die eigentlichen Fr\u00fcchte sind die kleinen gelben N\u00fcsschen an der roten Oberfl\u00e4che, die der Fruchtknoten ausgebildet hat. Daher geh\u00f6rt die Erdbeere zu den Sammelnussfr\u00fcchten.<\/p>\n\n\n\n<div style=\"height:11px\" aria-hidden=\"true\" class=\"wp-block-spacer\"><\/div>\n\n\n\n<p><strong>Anbau:<\/strong><\/p>\n\n\n\n<div style=\"height:11px\" aria-hidden=\"true\" class=\"wp-block-spacer\"><\/div>\n\n\n\n<p>Den Anbaubetrieben stehen etwa 1000 Sorten zur Verf\u00fcgung, doch nur ca. 20 Sorten werden in Deutschland im Gewerbeanbau genutzt.<br>Auf dem Freiland kann der Anbau auf zwei Arten erfolgen: Anbau mit Mulchfolie oder Anbau mit Strohabdeckung. Sie sollen die Verschmutzung der Fr\u00fcchte durch den Boden verhindern. In den Monaten Mai und Juni findet die Haupternte der Erdbeeren in Mitteleuropa statt.<br>Die Fr\u00fcchte sind sehr druckempfindlich.<br>In Deutschland betrug die Anbaufl\u00e4che f\u00fcr Erdbeeren im Jahr 2012 fast 20.000 ha.<\/p>\n\n\n\n<div style=\"height:11px\" aria-hidden=\"true\" class=\"wp-block-spacer\"><\/div>\n\n\n\n<p><strong>Verwendung:<\/strong><\/p>\n\n\n\n<div style=\"height:11px\" aria-hidden=\"true\" class=\"wp-block-spacer\"><\/div>\n\n\n\n<p>Die Verwendung der Erdbeere ist vielf\u00e4ltig: Man kann sie roh essen, als Tortenbelag benutzen, Konfit\u00fcre, Eiscreme oder Joghurt herstellen oder f\u00fcr Bowle, Rumtopf und Wein verwenden.<br>Gewaschen werden sollten die Fr\u00fcchte, bevor Stiele und Bl\u00e4tter entfernt werden, da der Kontakt mit Wasser dazu f\u00fchrt, dass sie Aroma verlieren. Erst kurz vor dem Servieren sollten sie mit Zucker bestreut werden.<\/p>\n\n\n\n<div style=\"height:11px\" aria-hidden=\"true\" class=\"wp-block-spacer\"><\/div>\n\n\n\n<figure class=\"wp-block-table is-style-stripes\"><table><tbody><tr><td><strong>Rezeptvorschlag:&nbsp; Erdbeer &#8211; Tiramisu<\/strong><\/td><td>&nbsp;<\/td><td>&nbsp;<\/td><td>&nbsp;<\/td><\/tr><tr><td><img loading=\"lazy\" decoding=\"async\" src=\"https:\/\/www.vog.de\/media\/image\/fotolia_40936075.jpg\" alt=\"fotolia_40936075\" width=\"300\" height=\"200\"><\/td><td><strong>Zutaten:<\/strong><br>200 g L\u00f6ffelbiskuits<br>500 g Erdbeeren<br>200 ml Schlagsahne<br>250 g Mascarpone oder Quark50 g&nbsp; <br>Zucker<br>2 EL Zitronensaft<br>200 ml Orangenlik\u00f6r oder Orangensaft<br>1 Pkt. Sahnesteifetwas <br>Kakaopulver<\/td><td><br>&nbsp;<\/td><td><br>&nbsp;<\/td><\/tr><\/tbody><\/table><\/figure>\n\n\n\n<p><strong>Zubereitung:<\/strong><\/p>\n\n\n\n<div style=\"height:11px\" aria-hidden=\"true\" class=\"wp-block-spacer\"><\/div>\n\n\n\n<p>Biskuits in eine Springform legen. Zitronensaft mit Orangensaft oder Orangenlik\u00f6r und 150 g Erdbeeren p\u00fcrieren.&nbsp; Die Sahne mit Zucker und Sahnesteif schlagen, dann Mascarpone oder Quark unterziehen. Von dieser Creme&nbsp; eine Schicht auf die Biskuits streichen und die restlichen Erdbeeren vierteln und dar\u00fcber verteilen. Den Abschluss bildet die Creme. Zur Dekoration&nbsp; etwas Kakaopulver dar\u00fcber sieben. Etwa 3,5 bis 4 Stunden kalt stellen.<\/p>\n","protected":false},"excerpt":{"rendered":"<p>Erdbeeren Zeitraum der Verf\u00fcgbarkeit Erntemenge in Tonnen Verpackungsarten Nettof\u00fcllgewicht Mai &#8211; Juni 100 &nbsp;Holz \/ Pappsteige 10 x 500g Historie: Schon die Steinzeitmenschen hatten, wie wir aus arch\u00e4ologischen Funden wissen, die kleine Walderdbeere gekannt. Im Mittelalter wurde sie auf gro\u00dfen Fl\u00e4chen kultiviert. Ihre heutige Gr\u00f6\u00dfe erhielt sie allerdings erst im 18. Jahrhundert durch Kreuzungen mit [&hellip;]<\/p>\n","protected":false},"author":1,"featured_media":0,"parent":109,"menu_order":5,"comment_status":"closed","ping_status":"closed","template":"","meta":{"footnotes":""},"class_list":["post-69","page","type-page","status-publish","hentry"],"_links":{"self":[{"href":"https:\/\/www.vog.de\/index.php\/wp-json\/wp\/v2\/pages\/69","targetHints":{"allow":["GET"]}}],"collection":[{"href":"https:\/\/www.vog.de\/index.php\/wp-json\/wp\/v2\/pages"}],"about":[{"href":"https:\/\/www.vog.de\/index.php\/wp-json\/wp\/v2\/types\/page"}],"author":[{"embeddable":true,"href":"https:\/\/www.vog.de\/index.php\/wp-json\/wp\/v2\/users\/1"}],"replies":[{"embeddable":true,"href":"https:\/\/www.vog.de\/index.php\/wp-json\/wp\/v2\/comments?post=69"}],"version-history":[{"count":7,"href":"https:\/\/www.vog.de\/index.php\/wp-json\/wp\/v2\/pages\/69\/revisions"}],"predecessor-version":[{"id":858,"href":"https:\/\/www.vog.de\/index.php\/wp-json\/wp\/v2\/pages\/69\/revisions\/858"}],"up":[{"embeddable":true,"href":"https:\/\/www.vog.de\/index.php\/wp-json\/wp\/v2\/pages\/109"}],"wp:attachment":[{"href":"https:\/\/www.vog.de\/index.php\/wp-json\/wp\/v2\/media?parent=69"}],"curies":[{"name":"wp","href":"https:\/\/api.w.org\/{rel}","templated":true}]}}