{"id":61,"date":"2024-06-19T14:39:29","date_gmt":"2024-06-19T12:39:29","guid":{"rendered":"https:\/\/www.vog.de\/?page_id=61"},"modified":"2024-07-05T12:43:59","modified_gmt":"2024-07-05T10:43:59","slug":"frisch-frucht-gmbh-agb","status":"publish","type":"page","link":"https:\/\/www.vog.de\/index.php\/vertrieb\/frisch-frucht-gmbh-agb\/","title":{"rendered":"Frisch-Frucht GmbH &#8211; AGB"},"content":{"rendered":"\n<p class=\"has-primary-color has-text-color has-link-color has-large-font-size wp-elements-1877df6838d022ca2572e2cefe647bc0\" style=\"font-style:normal;font-weight:700\"><strong>Allgemeine Verkaufs- und Lieferbedingungen<\/strong><\/p>\n\n\n\n<p style=\"margin-top:var(--wp--preset--spacing--30);margin-bottom:var(--wp--preset--spacing--30)\">Allgemeine Gesch\u00e4ftsbedingungen f\u00fcr das Waren- und Dienstleistungsgesch\u00e4ft der<\/p>\n\n\n\n<p style=\"margin-top:var(--wp--preset--spacing--30);margin-bottom:var(--wp--preset--spacing--30)\"><strong>Frisch-Frucht GmbH<\/strong><br><strong>Am Gro\u00dfmarkt 1<\/strong><br><strong>55218 Ingelheim<\/strong><br>nachfolgend Gesellschaft genannt,<\/p>\n\n\n\n<p><strong>\u00a7 1 Geltungsbereich und \u00c4nderung dieser Gesch\u00e4ftsbedingungen<\/strong><\/p>\n\n\n\n<div style=\"height:11px\" aria-hidden=\"true\" class=\"wp-block-spacer\"><\/div>\n\n\n\n<ol class=\"wp-block-list\">\n<li style=\"margin-top:0;margin-bottom:0\">F\u00fcr alle Vertr\u00e4ge der Gesellschaft mit Vertragspartnern (Unternehmer und Verbraucher) im Rahmen des Waren- und Dienstleistungsgesch\u00e4fts, auch f\u00fcr zuk\u00fcnftige, sind \u2013 falls keine abweichenden Sonder-bedingungen vereinbart worden sind \u2013 ausschlie\u00dflich die nachstehenden Bedingungen ma\u00dfgebend. Die Unwirksamkeit einzelner Bedingungen ber\u00fchrt die G\u00fcltigkeit der \u00dcbrigen nicht. Das Gleiche gilt, wenn einzelne Bedingungen nicht Vertragsbestandteil werden.<\/li>\n\n\n\n<li style=\"margin-top:0;margin-bottom:0\">\u00c4nderungen dieser Gesch\u00e4ftsbedingungen werden dem Vertragspartner in Textform bekannt gegeben. Sie gelten als genehmigt, wenn der Vertragspartner nicht in Textform Widerspruch erhebt. Auf diese Folge wird ihn die Gesellschaft bei der Bekanntgabe besonders hinweisen. Der Vertragspartner muss den Widerspruch innerhalb von 6 Wochen nach Bekanntgabe der \u00c4nderungen an die Gesellschaft absenden.<\/li>\n<\/ol>\n\n\n\n<div style=\"height:11px\" aria-hidden=\"true\" class=\"wp-block-spacer\"><\/div>\n\n\n\n<p><strong>\u00a7 2 Vertragsabschluss<\/strong><\/p>\n\n\n\n<div style=\"height:11px\" aria-hidden=\"true\" class=\"wp-block-spacer\"><\/div>\n\n\n\n<ol class=\"wp-block-list\">\n<li style=\"margin-top:0;margin-bottom:0\">Wenn Vertr\u00e4ge mit Unternehmern vorbehaltlich schriftlicher oder fernschriftlicher Best\u00e4tigung abge-schlossen werden, ist der Inhalt des Best\u00e4tigungsschreibens der Gesellschaft ma\u00dfgebend, sofern der Empf\u00e4nger nicht unverz\u00fcglich widerspricht.<\/li>\n<\/ol>\n\n\n\n<div style=\"height:11px\" aria-hidden=\"true\" class=\"wp-block-spacer\"><\/div>\n\n\n\n<p><strong>\u00a7 3 Kontrolle der Abrechnung<\/strong><\/p>\n\n\n\n<div style=\"height:11px\" aria-hidden=\"true\" class=\"wp-block-spacer\"><\/div>\n\n\n\n<ol class=\"wp-block-list\">\n<li style=\"margin-top:0;margin-bottom:0\">Von der Gesellschaft erstellte Abrechnungen sind vom Unternehmer unverz\u00fcglich auf ihre Richtigkeit, insbesondere im Hinblick auf den ausgewiesenen Umsatzsteuersatz, zu \u00fcberpr\u00fcfen. Beanstandungen oder der Ausweis eines unrichtigen Umsatzsteuersatzes sind der Gesellschaft binnen 14 Tagen ab Zugang der Abrechnung schriftlich mitzuteilen. Sollte die Gesellschaft binnen der 14t\u00e4gigen Frist keine Mitteilung des Unternehmers erhalten, ist der von der Gesellschaft ausgewiesene Umsatzsteuersatz ma\u00dfgeblich. Bei Verletzung der Mitteilungspflicht ist der Unternehmer der Gesellschaft nach den gesetzlichen Vorschriften zum Schadenersatz verpflichtet.<\/li>\n<\/ol>\n\n\n\n<div style=\"height:11px\" aria-hidden=\"true\" class=\"wp-block-spacer\"><\/div>\n\n\n\n<p><strong>\u00a7 4 Zahlung<\/strong><\/p>\n\n\n\n<div style=\"height:11px\" aria-hidden=\"true\" class=\"wp-block-spacer\"><\/div>\n\n\n\n<ol class=\"wp-block-list\">\n<li style=\"margin-top:0;margin-bottom:0\">Falls nichts anderes vereinbart ist, hat die Zahlung bei Lieferungen und Leistungen der Gesellschaft ohne jeden Abzug unverz\u00fcglich nach Rechnungserhalt zu erfolgen. Bei Lieferung bzw. Leistung auf Ziel wird das Zahlungsziel nach dem Datum der Lieferung bzw. Leistung berechnet.<\/li>\n\n\n\n<li style=\"margin-top:0;margin-bottom:0\">Zahlung durch Wechsel ist nur bei ausdr\u00fccklicher Vereinbarung gestattet und gilt auch dann nur erf\u00fcllungshalber.<\/li>\n\n\n\n<li style=\"margin-top:0;margin-bottom:0\">Diskontspesen und Einzugsspesen gehen zu Lasten des K\u00e4ufers; sie sind sofort f\u00e4llig.<\/li>\n\n\n\n<li style=\"margin-top:0;margin-bottom:0\">Bei Zahlung durch Scheck gilt nicht der Zugang des Schecks bei der Gesellschaft, sondern erst seine endg\u00fcltige Einl\u00f6sung als Zahlung.<\/li>\n\n\n\n<li style=\"margin-top:0;margin-bottom:0\">Der Vertragspartner der Gesellschaft kann nur mit solchen Gegenanspr\u00fcchen aufrechnen, die von der Gesellschaft nicht bestritten werden oder rechtskr\u00e4ftig festgestellt sind. Der Vertragspartner der Gesellschaft kann ein Zur\u00fcckhaltungsrecht, das nicht auf demselben rechtlichen Verh\u00e4ltnis beruht, nicht aus\u00fcben.<\/li>\n<\/ol>\n\n\n\n<div style=\"height:11px\" aria-hidden=\"true\" class=\"wp-block-spacer\"><\/div>\n\n\n\n<p><strong>\u00a7 5 Kontokorrent<\/strong><\/p>\n\n\n\n<div style=\"height:11px\" aria-hidden=\"true\" class=\"wp-block-spacer\"><\/div>\n\n\n\n<ol class=\"wp-block-list\">\n<li style=\"margin-top:0;margin-bottom:0\">Alle aus der Gesch\u00e4ftsverbindung entstehenden gegenseitigen Forderungen k\u00f6nnen, soweit dies gesondert vereinbart wird, in ein Kontokorrentkonto eingestellt werden, f\u00fcr das die Bestimmungen der \u00a7\u00a7 355 ff. HGB gelten. F\u00fcr die Gesch\u00e4ftsverbindungen mit Landwirten gilt das Kontokorrent als vereinbart.<\/li>\n\n\n\n<li style=\"margin-top:0;margin-bottom:0\">Auf dem Kontokorrentkonto werden die Forderungen der Gesellschaft mit 8 Prozentpunkten \u00fcber dem Basiszinssatz verzinst.<\/li>\n\n\n\n<li style=\"margin-top:0;margin-bottom:0\">Die Kontoausz\u00fcge der Gesellschaft per 31.12. jeden Jahres gelten als Rechnungsabschl\u00fcsse. Der Saldo gilt als anerkannt, wenn der Kontoinhaber nicht innerhalb von 6 Wochen seit Zugang des Rechnungsabschlusses Einwendungen erhebt. Die Gesellschaft wird bei \u00dcbersendung des Rechnungsabschlusses hierauf besonders hinweisen. Gesetzliche Anspr\u00fcche bleiben unber\u00fchrt.<\/li>\n<\/ol>\n\n\n\n<div style=\"height:11px\" aria-hidden=\"true\" class=\"wp-block-spacer\"><\/div>\n\n\n\n<p><strong>\u00a7 6 Preisfestsetzung<\/strong><\/p>\n\n\n\n<div style=\"height:11px\" aria-hidden=\"true\" class=\"wp-block-spacer\"><\/div>\n\n\n\n<ol class=\"wp-block-list\">\n<li style=\"margin-top:0;margin-bottom:0\">Soweit keine anderen Vereinbarungen getroffen sind, ist die Gesellschaft berechtigt, den Preis nach billigem Ermessen festzusetzen.<\/li>\n<\/ol>\n\n\n\n<div style=\"height:11px\" aria-hidden=\"true\" class=\"wp-block-spacer\"><\/div>\n\n\n\n<p><strong>\u00a7 7 Haftung<\/strong><\/p>\n\n\n\n<div style=\"height:11px\" aria-hidden=\"true\" class=\"wp-block-spacer\"><\/div>\n\n\n\n<p style=\"margin-top:0;margin-bottom:0\">1.&nbsp;Schadensersatzanspr\u00fcche des Vertragspartners, gleich aus welchem Rechtsgrund, insbesondere wegen Verletzung von Pflichten aus dem Schuldverh\u00e4ltnis und aus unerlaubter Handlung, sind ausgeschlossen.<\/p>\n\n\n\n<div class=\"wp-block-group has-global-padding is-layout-constrained wp-block-group-is-layout-constrained\">\n<p>2.&nbsp;Dies gilt nicht, soweit gesetzlich zwingend gehaftet wird, insbesondere in F\u00e4llen<\/p>\n\n\n\n<p style=\"margin-top:0;margin-bottom:0\">&#8211; der Arglist, des Vorsatzes und der groben Fahrl\u00e4ssigkeit<br>&#8211; der Verletzung von Leben, K\u00f6rper oder Gesundheit<br>&#8211; der \u00dcbernahme einer Garantie, z. B. f\u00fcr das Vorhandensein einer Eigenschaft<br>&#8211; der Verletzung wesentlicher Vertragspflichten oder<br>&#8211; der Haftung nach dem Produkthaftungsgesetz.<\/p>\n<\/div>\n\n\n\n<p style=\"margin-top:0;margin-bottom:0\">3.&nbsp;Schadenersatzanspr\u00fcche wegen fahrl\u00e4ssiger Verletzung wesentlicher Vertragspflichten sind auf den vertragstypischen, vorhersehbaren Schaden beschr\u00e4nkt.<\/p>\n\n\n\n<p style=\"margin-top:0;margin-bottom:0\">4.&nbsp;Soweit die Haftung ausgeschlossen oder beschr\u00e4nkt ist, gilt dies auch f\u00fcr die pers\u00f6nliche Haftung der Angestellten, Mitarbeiter, Vertreter und Erf\u00fcllungsgehilfen der Gesellschaft.<\/p>\n\n\n\n<p style=\"margin-top:0;margin-bottom:0\">5.&nbsp;Eine \u00c4nderung der Beweislast zum Nachteil des Vertragspartners ist mit den vorstehenden Regelungen nicht verbunden.<\/p>\n\n\n\n<div style=\"height:11px\" aria-hidden=\"true\" class=\"wp-block-spacer\"><\/div>\n\n\n\n<p><strong>\u00a7 8 M\u00e4ngelanspr\u00fcche<\/strong><\/p>\n\n\n\n<div style=\"height:11px\" aria-hidden=\"true\" class=\"wp-block-spacer\"><\/div>\n\n\n\n<ol class=\"wp-block-list\">\n<li style=\"margin-top:0;margin-bottom:0\">Die Gesellschaft haftet f\u00fcr M\u00e4ngelanspr\u00fcche, ausgenommen in den F\u00e4llen der \u00a7\u00a7 309 Nr. 7 Buchst. a und b, 438 Abs. 1 Nr. 2 und 634a Abs. 1 Nr. 2 BGB ein Jahr. F\u00fcr Verbraucher gilt diese Frist nur beim Verkauf gebrauchter, beweglicher Sachen. Gegen\u00fcber Unternehmern ist die Haftung f\u00fcr M\u00e4ngelanspr\u00fcche bei gebrauchten Sachen, au\u00dfer in den F\u00e4llen des \u00a7 309 Nr. 7 Buchst. a und b BGB, ausgeschlossen. Die Gesellschaft haftet gegen\u00fcber Unternehmern nur f\u00fcr \u00f6ffentliche \u00c4u\u00dferungen, insbesondere Werbung, die sie zu eigenen Zwecken eingesetzt oder ausdr\u00fccklich in den Vertrag einbezogen hat.<\/li>\n<\/ol>\n\n\n\n<div style=\"height:11px\" aria-hidden=\"true\" class=\"wp-block-spacer\"><\/div>\n\n\n\n<p><strong>\u00a7 9 Erf\u00fcllungsort, Gerichtsstand, anwendbares Recht<\/strong><\/p>\n\n\n\n<div style=\"height:11px\" aria-hidden=\"true\" class=\"wp-block-spacer\"><\/div>\n\n\n\n<ol class=\"wp-block-list\">\n<li style=\"margin-top:0;margin-bottom:0\">Die Gesch\u00e4ftsr\u00e4ume der Gesellschaft sind f\u00fcr beide Teile Erf\u00fcllungsort, wenn der Kunde Kaufmann ist, oder es sich bei ihm um eine juristische Person des \u00f6ffentlichen Rechts oder ein \u00f6ffentlich-rechtliches Sonderverm\u00f6gen handelt oder sich sein Wohnsitz au\u00dferhalb der Bundesrepublik Deutschland befindet.<\/li>\n\n\n\n<li style=\"margin-top:0;margin-bottom:0\">Ist der Kunde Kaufmann oder handelt es sich bei ihm um eine juristische Person des \u00f6ffentlichen Rechts oder ein \u00f6ffentlich-rechtliches Sonderverm\u00f6gen, so kann die Gesellschaft am Gerichtsstand des Erf\u00fcllungsortes klagen und nur an diesem Gerichtsstand verklagt werden.<\/li>\n\n\n\n<li style=\"margin-top:0;margin-bottom:0\">Das am Erf\u00fcllungsort geltende Recht ist ma\u00dfgebend f\u00fcr alle Rechtsbeziehungen zwischen dem Kunden, der Unternehmer ist, und der Gesellschaft, und zwar auch dann, wenn der Rechtsstreit im Ausland gef\u00fchrt wird. F\u00fcr Lieferungen der Gesellschaft gelten zus\u00e4tzlich die Regelungen der Ziffern 10 bis 14.<\/li>\n<\/ol>\n\n\n\n<div style=\"height:11px\" aria-hidden=\"true\" class=\"wp-block-spacer\"><\/div>\n\n\n\n<p><strong>\u00a7 10 Lieferung<\/strong><\/p>\n\n\n\n<div style=\"height:11px\" aria-hidden=\"true\" class=\"wp-block-spacer\"><\/div>\n\n\n\n<ol class=\"wp-block-list\">\n<li style=\"margin-top:0;margin-bottom:0\">Die Gesellschaft ist berechtigt, auch Teillieferungen zu erbringen, wenn dies f\u00fcr den Vertragspartner zumutbar ist. Ist Lieferung auf Abruf vereinbart, so hat der Vertragspartner innerhalb angemessener Frist abzurufen.<\/li>\n\n\n\n<li style=\"margin-top:0;margin-bottom:0\">Wird die Lieferung durch h\u00f6here Gewalt, beh\u00f6rdliche Ma\u00dfnahmen, Betriebsstilllegung, Streik, extreme Witterungsverh\u00e4ltnisse (z. B. Sturm, Hagel, Trockenheit, Hoch- oder Niedrigwasser) oder \u00e4hnliche Umst\u00e4nde \u2013 auch bei Lieferanten der Gesellschaft \u2013 unm\u00f6glich oder \u00fcberm\u00e4\u00dfig erschwert, so wird die Gesellschaft f\u00fcr die Dauer der Behinderung und deren Nachwirkung von der Lieferpflicht frei. Dies berechtigt die Ge-sellschaft auch, vom Vertrag zur\u00fcckzutreten, wenn und soweit ihr ein Festhalten am Vertrag nicht mehr zumutbar ist. Im Falle der Nichtbelieferung oder ungen\u00fcgenden Belieferung der Gesellschaft seitens ihrer Vorlieferanten ist die Gesellschaft von ihren Lieferungsverpflichtungen gegen\u00fcber Unternehmern ganz oder teilweise entbunden. Dies gilt nur dann, wenn sie die erforderlichen Vorkehrungen zur Beschaffung der von ihr zu liefernden Ware getroffen hat und ihre Vorlieferanten sorgf\u00e4ltig ausgew\u00e4hlt hat. Sie verpflichtet sich, in diesem Fall ihre Anspr\u00fcche gegen den Lieferanten aufVerlangen an den Unternehmer abzutreten. In diesem Fall bleibt der Unternehmer zur Gegenleistung nach Ma\u00dfgabe von \u00a7 326 Abs. 3 BGB verpflichtet. Die Gesellschaft wird den Unternehmer \u00fcber den Eintritt der o. g. Ereignisse und die Nichtverf\u00fcgbarkeit unverz\u00fcglich unterrichten und im Falle des R\u00fccktritts die Gegenleistungen des Unternehmers unverz\u00fcglich erstatten.<\/li>\n\n\n\n<li style=\"margin-top:0;margin-bottom:0\">Transportkostenerh\u00f6hungen, Tarif\u00e4nderungen, Eis-, Hoch- oder Niedrigwasserzuschl\u00e4ge k\u00f6nnen von der Gesellschaft dem Kaufpreis zugeschlagen werden, wenn die Lieferung sp\u00e4ter als vier Monate nach Vertragsabschluss erfolgt.<\/li>\n\n\n\n<li style=\"margin-top:0;margin-bottom:0\">Bei Versand an Unternehmer tr\u00e4gt dieser die Gefahr; dies gilt auch bei frachtfreier Lieferung und im Streckengesch\u00e4ft.<\/li>\n\n\n\n<li style=\"margin-top:0;margin-bottom:0\">Eine mit dem Unternehmer vereinbarte Anlieferung setzt eine mit schwerem Lastzug befahrbare und von der Witterung unbeeintr\u00e4chtigte Anfuhrstra\u00dfe bzw. Lieferstelle voraus. Verl\u00e4sst das Lieferfahrzeug auf Weisung des Unternehmers die befahrbare Anfuhrstra\u00dfe, so haftet dieser f\u00fcr auftretende Sch\u00e4den. Kosten, die durch die Unbefahrbarkeit der Anfuhrstra\u00dfe oder Lieferstelle entstehen, tr\u00e4gt der Unternehmer in seiner Eigenschaft als K\u00e4ufer. Ist bei Anlieferung die Lieferstelle nicht besetzt, so dass der Empfang der Lieferung nicht quittiert werden kann, wird Zeitpunkt und Ort der Lieferung durch Unterzeichnung des Lieferscheins vom Fahrer dokumentiert.<\/li>\n<\/ol>\n\n\n\n<div style=\"height:11px\" aria-hidden=\"true\" class=\"wp-block-spacer\"><\/div>\n\n\n\n<p><strong>\u00a7 11 Verpackung<\/strong><\/p>\n\n\n\n<div style=\"height:11px\" aria-hidden=\"true\" class=\"wp-block-spacer\"><\/div>\n\n\n\n<ol class=\"wp-block-list\">\n<li style=\"margin-top:0;margin-bottom:0\">Die Ware wird in handels\u00fcblicher Weise auf Kosten des Unternehmers verpackt. Leihverpackungen sind vom Vertragspartner unverz\u00fcglich zu entleeren und in einwandfreiem Zustand zur\u00fcckzugeben \u2013 vom Unternehmer frachtfrei. Sie d\u00fcrfen nicht mit anderen Waren gef\u00fcllt oder anderweitig verwendet werden.<\/li>\n<\/ol>\n\n\n\n<div style=\"height:11px\" aria-hidden=\"true\" class=\"wp-block-spacer\"><\/div>\n\n\n\n<p><strong>\u00a7 12 M\u00e4ngelr\u00fcgen<\/strong><\/p>\n\n\n\n<div style=\"height:11px\" aria-hidden=\"true\" class=\"wp-block-spacer\"><\/div>\n\n\n\n<ol class=\"wp-block-list\">\n<li style=\"margin-top:0;margin-bottom:0\">R\u00fcgen wegen offensichtlich mangelhafter oder offensichtlich abweichender Beschaffenheit der Ware oder wegen Lieferung einer offensichtlich anderen Ware als der bestellten k\u00f6nnen vom Unternehmer nur unverz\u00fcglich, sp\u00e4testens jedoch innerhalb einer Woche nach Empfang der Ware bzw. nachdem der Mangel offensichtlich wurde, geltend gemacht werden.<\/li>\n\n\n\n<li style=\"margin-top:0;margin-bottom:0\">Bei verbrauchbaren Sachen berechtigen M\u00e4ngelr\u00fcgen den Unternehmer nur zur Herabsetzung des Kaufpreises. Bei anderen als verbrauchbaren Sachen berechtigen M\u00e4ngelr\u00fcgen den Unternehmer nur zum Verlangen auf Nacherf\u00fcllung; soweit eine solche in angemessener Zeit nicht erreicht werden kann oder aufgrund der Beschaffenheit der Ware unm\u00f6glich ist, hat der Unternehmer wahlweise ein Recht zum R\u00fccktritt oder zur Herabsetzung des Kaufpreises. Die Regelungen des \u00a7 478 BGB bleiben unber\u00fchrt.<\/li>\n\n\n\n<li style=\"margin-top:0;margin-bottom:0\">Der Unternehmer muss die Ware sofort nach Eingang auf Sachm\u00e4ngel, z.B. Menge, Qualit\u00e4t, Be-schaffenheit pr\u00fcfen und ist verpflichtet, offensichtliche M\u00e4ngel auf der Empfangsquittung zu vermerken. Im \u00dcbrigen gilt im Verh\u00e4ltnis zu Unternehmern \u00a7 377 HGB. Besch\u00e4digungen auf dem Transport berechtigen der Gesellschaft gegen\u00fcber nicht zur Annahmeverweigerung.<\/li>\n<\/ol>\n\n\n\n<div style=\"height:11px\" aria-hidden=\"true\" class=\"wp-block-spacer\"><\/div>\n\n\n\n<p><strong>\u00a7 13 Leistungsst\u00f6rungen<\/strong><\/p>\n\n\n\n<div style=\"height:11px\" aria-hidden=\"true\" class=\"wp-block-spacer\"><\/div>\n\n\n\n<ol class=\"wp-block-list\">\n<li style=\"margin-top:0;margin-bottom:0\">Der Kaufpreis wird sofort f\u00e4llig, wenn der Vertragspartner die Zahlung des Kaufpreises endg\u00fcltig ver-weigert. Dieselbe Rechtsfolge tritt ein, wenn der Vertragspartner bei vereinbarten Ratenzahlungen mit einem eine Rate \u00fcbersteigenden Betrag in Verzug ist und wenn der r\u00fcckst\u00e4ndige Beitrag mindestens 10% des gesamten Kaufpreises ausmacht. Die Gesellschaft kann im Falle der endg\u00fcltigen Verweigerung der Zahlung des Kaufpreises auch ohne Setzung einer Nachfrist die Erf\u00fcllung des Kaufvertrages ablehnen und Ersatz aller entstandenen Kosten, Auslagen sowie Entsch\u00e4digung f\u00fcr Wertminderung verlangen.<\/li>\n\n\n\n<li style=\"margin-top:0;margin-bottom:0\">Bei Annahmeverzug des Vertragspartners kann die Gesellschaft die Ware auf Kosten und Gefahr des Vertragspartners bei sich oder einem Dritten lagern oder in geeigneter Weise auf Rechnung des Ver-tragspartners verwerten, ohne dass es hierzu einer Ank\u00fcndigung bedarf.<\/li>\n\n\n\n<li style=\"margin-top:0;margin-bottom:0\">Die Gesellschaft kann die sofortige Bezahlung aller Forderungen verlangen und Lieferungen von Vorauszahlung oder Leistung einer Sicherheit abh\u00e4ngig machen, wenn eine wesentliche Ver-schlechterung der Verm\u00f6gens- oder Einkommensverh\u00e4ltnisse des Vertragspartners oder bei ihm eine erhebliche Verm\u00f6gensgef\u00e4hrdung eintritt.<\/li>\n<\/ol>\n\n\n\n<div style=\"height:11px\" aria-hidden=\"true\" class=\"wp-block-spacer\"><\/div>\n\n\n\n<p><strong>\u00a7 14 Eigentumsvorbehalt<\/strong><\/p>\n\n\n\n<div style=\"height:11px\" aria-hidden=\"true\" class=\"wp-block-spacer\"><\/div>\n\n\n\n<ol class=\"wp-block-list\">\n<li style=\"margin-top:0;margin-bottom:0\">Die gelieferte Ware bleibt bis zur vollen Bezahlung des Kaufpreises Eigentum der Gesellschaft. Gegen-\u00fcber Unternehmern gilt dies auch f\u00fcr alle Forderungen, die die Gesellschaft aus der Gesch\u00e4ftsverbindung mit dem Unternehmer gegen diesen hat oder k\u00fcnftig erwirbt. Die Gesellschaft ist berechtigt, bei vertrags-widrigem Verhalten des Vertragspartners, insbesondere wenn der Vertragspartner mit der Zahlung in Verzug ist, nach angemessener Fristsetzung vom Vertrag zur\u00fcckzutreten.<\/li>\n\n\n\n<li style=\"margin-top:0;margin-bottom:0\">Wird die Vorbehaltsware mit anderen Waren untrennbar vermischt, vermengt oder verbunden, so erlangt die Gesellschaft Miteigentum an der einheitlichen Sache zu einem Anteil, der dem Wert ihrer Vorbehaltsware im Verh\u00e4ltnis zu dem Wert der mit dieser vermischten Ware im Zeitpunkt der Vermischung, Vermengung oder Verbindung entspricht.<\/li>\n\n\n\n<li style=\"margin-top:0;margin-bottom:0\">Durch Be- oder Verarbeitung der Vorbehaltsware erwirbt die Gesellschaft das Eigentum an der neuen Sache; der Vertragspartner verwahrt diese f\u00fcr die Gesellschaft.<\/li>\n\n\n\n<li style=\"margin-top:0;margin-bottom:0\">Der Vertragspartner hat die der Gesellschaft geh\u00f6renden Waren auf deren Verlangen in angemessenem Umfang gegen die \u00fcblichen Risiken auf seine Kosten zu versichern und ihr die Versicherungsanspr\u00fcche abzutreten. Die Gesellschaft ist auch berechtigt, die Versicherungspr\u00e4mien zu Lasten des Vertragspartners zu leisten.<\/li>\n\n\n\n<li style=\"margin-top:0;margin-bottom:0\">Der Unternehmer ist zur Weiterver\u00e4u\u00dferung der Ware, auch der durch Vermischung, Vermengung, Verbindung, Verarbeitung oder Bearbeitung hergestellten Ware, nur im Rahmen seines ordnungsgem\u00e4\u00dfen Gesch\u00e4ftsbetriebes berechtigt. Zu anderen Verf\u00fcgungen \u00fcber diese Ware, insbesondere zur Verpf\u00e4ndung oder Sicherungs\u00fcbereignung, ist er nicht befugt.<\/li>\n<\/ol>\n\n\n\n<div class=\"wp-block-columns is-layout-flex wp-container-core-columns-is-layout-28f84493 wp-block-columns-is-layout-flex\">\n<div class=\"wp-block-column is-layout-flow wp-block-column-is-layout-flow\" style=\"flex-basis:100%\">\n<div class=\"wp-block-columns is-layout-flex wp-container-core-columns-is-layout-28f84493 wp-block-columns-is-layout-flex\">\n<div class=\"wp-block-column is-layout-flow wp-block-column-is-layout-flow\" style=\"flex-basis:25%\">\n<div style=\"height:11px\" aria-hidden=\"true\" class=\"wp-block-spacer\"><\/div>\n\n\n\n<p>Ingelheim, den 01.06.2008 &nbsp; &nbsp; &nbsp;<\/p>\n<\/div>\n\n\n\n<div class=\"wp-block-column is-layout-flow wp-block-column-is-layout-flow\" style=\"flex-basis:50%\"><\/div>\n\n\n\n<div class=\"wp-block-column is-layout-flow wp-block-column-is-layout-flow\" style=\"flex-basis:25%\">\n<p class=\"has-text-align-right\">&nbsp;<strong>Frisch-Frucht GmbH<\/strong><\/p>\n<\/div>\n<\/div>\n\n\n\n<p><br><\/p>\n<\/div>\n<\/div>\n","protected":false},"excerpt":{"rendered":"<p>Allgemeine Verkaufs- und Lieferbedingungen Allgemeine Gesch\u00e4ftsbedingungen f\u00fcr das Waren- und Dienstleistungsgesch\u00e4ft der Frisch-Frucht GmbHAm Gro\u00dfmarkt 155218 Ingelheimnachfolgend Gesellschaft genannt, \u00a7 1 Geltungsbereich und \u00c4nderung dieser Gesch\u00e4ftsbedingungen \u00a7 2 Vertragsabschluss \u00a7 3 Kontrolle der Abrechnung \u00a7 4 Zahlung \u00a7 5 Kontokorrent \u00a7 6 Preisfestsetzung \u00a7 7 Haftung 1.&nbsp;Schadensersatzanspr\u00fcche des Vertragspartners, gleich aus welchem Rechtsgrund, insbesondere wegen [&hellip;]<\/p>\n","protected":false},"author":1,"featured_media":0,"parent":124,"menu_order":1,"comment_status":"closed","ping_status":"closed","template":"","meta":{"footnotes":""},"class_list":["post-61","page","type-page","status-publish","hentry"],"_links":{"self":[{"href":"https:\/\/www.vog.de\/index.php\/wp-json\/wp\/v2\/pages\/61","targetHints":{"allow":["GET"]}}],"collection":[{"href":"https:\/\/www.vog.de\/index.php\/wp-json\/wp\/v2\/pages"}],"about":[{"href":"https:\/\/www.vog.de\/index.php\/wp-json\/wp\/v2\/types\/page"}],"author":[{"embeddable":true,"href":"https:\/\/www.vog.de\/index.php\/wp-json\/wp\/v2\/users\/1"}],"replies":[{"embeddable":true,"href":"https:\/\/www.vog.de\/index.php\/wp-json\/wp\/v2\/comments?post=61"}],"version-history":[{"count":9,"href":"https:\/\/www.vog.de\/index.php\/wp-json\/wp\/v2\/pages\/61\/revisions"}],"predecessor-version":[{"id":1115,"href":"https:\/\/www.vog.de\/index.php\/wp-json\/wp\/v2\/pages\/61\/revisions\/1115"}],"up":[{"embeddable":true,"href":"https:\/\/www.vog.de\/index.php\/wp-json\/wp\/v2\/pages\/124"}],"wp:attachment":[{"href":"https:\/\/www.vog.de\/index.php\/wp-json\/wp\/v2\/media?parent=61"}],"curies":[{"name":"wp","href":"https:\/\/api.w.org\/{rel}","templated":true}]}}