{"id":59,"date":"2024-06-19T14:39:16","date_gmt":"2024-06-19T12:39:16","guid":{"rendered":"https:\/\/www.vog.de\/?page_id=59"},"modified":"2025-06-16T08:49:53","modified_gmt":"2025-06-16T06:49:53","slug":"downloads","status":"publish","type":"page","link":"https:\/\/www.vog.de\/index.php\/downloads\/","title":{"rendered":"Downloads"},"content":{"rendered":"\n<div class=\"alignnormal\"><div id=\"metaslider-id-720\" style=\"width: 100%; margin: 0 auto;\" class=\"ml-slider-3-90-0 metaslider metaslider-flex metaslider-720 ml-slider ms-theme-simply-dark nav-hidden\" role=\"region\" aria-roledescription=\"Slideshow\" aria-label=\"New Slideshow\">\n    <div id=\"metaslider_container_720\">\n        <div id=\"metaslider_720\">\n            <ul class='slides'>\n                <li style=\"display: block; width: 100%;\" class=\"slide-1052 ms-image \" aria-roledescription=\"slide\" aria-label=\"slide-1052\"><img loading=\"lazy\" decoding=\"async\" width=\"2560\" height=\"1024\" src=\"https:\/\/www.vog.de\/wp-content\/uploads\/2024\/07\/Frau-denoised_sharpened_width_400__light-100__wb-25__exposure_correction-41befe52-transformed-1-scaled.jpeg\" class=\"slider-720 slide-1052\" alt=\"\" rel=\"\" title=\"Frau-denoised_sharpened_width_400__light-100__wb-25__exposure_correction-41befe52-transformed\" srcset=\"https:\/\/www.vog.de\/wp-content\/uploads\/2024\/07\/Frau-denoised_sharpened_width_400__light-100__wb-25__exposure_correction-41befe52-transformed-1-scaled.jpeg 2560w, https:\/\/www.vog.de\/wp-content\/uploads\/2024\/07\/Frau-denoised_sharpened_width_400__light-100__wb-25__exposure_correction-41befe52-transformed-1-300x120.jpeg 300w, https:\/\/www.vog.de\/wp-content\/uploads\/2024\/07\/Frau-denoised_sharpened_width_400__light-100__wb-25__exposure_correction-41befe52-transformed-1-1024x410.jpeg 1024w, https:\/\/www.vog.de\/wp-content\/uploads\/2024\/07\/Frau-denoised_sharpened_width_400__light-100__wb-25__exposure_correction-41befe52-transformed-1-768x307.jpeg 768w, https:\/\/www.vog.de\/wp-content\/uploads\/2024\/07\/Frau-denoised_sharpened_width_400__light-100__wb-25__exposure_correction-41befe52-transformed-1-1536x614.jpeg 1536w, https:\/\/www.vog.de\/wp-content\/uploads\/2024\/07\/Frau-denoised_sharpened_width_400__light-100__wb-25__exposure_correction-41befe52-transformed-1-2048x819.jpeg 2048w, https:\/\/www.vog.de\/wp-content\/uploads\/2024\/07\/Frau-denoised_sharpened_width_400__light-100__wb-25__exposure_correction-41befe52-transformed-1-228x91.jpeg 228w\" sizes=\"auto, (max-width: 2560px) 100vw, 2560px\" \/><\/li>\n                <li style=\"display: none; width: 100%;\" class=\"slide-722 ms-image \" aria-roledescription=\"slide\" aria-label=\"slide-722\"><img loading=\"lazy\" decoding=\"async\" width=\"3640\" height=\"1400\" src=\"https:\/\/www.vog.de\/wp-content\/uploads\/2024\/07\/sinie-transformed-1.png\" class=\"slider-720 slide-722\" alt=\"\" rel=\"\" title=\"sinie-transformed (1)\" srcset=\"https:\/\/www.vog.de\/wp-content\/uploads\/2024\/07\/sinie-transformed-1.png 3640w, https:\/\/www.vog.de\/wp-content\/uploads\/2024\/07\/sinie-transformed-1-300x115.png 300w, https:\/\/www.vog.de\/wp-content\/uploads\/2024\/07\/sinie-transformed-1-1024x394.png 1024w, https:\/\/www.vog.de\/wp-content\/uploads\/2024\/07\/sinie-transformed-1-768x295.png 768w, https:\/\/www.vog.de\/wp-content\/uploads\/2024\/07\/sinie-transformed-1-1536x591.png 1536w, https:\/\/www.vog.de\/wp-content\/uploads\/2024\/07\/sinie-transformed-1-2048x788.png 2048w, https:\/\/www.vog.de\/wp-content\/uploads\/2024\/07\/sinie-transformed-1-228x88.png 228w\" sizes=\"auto, (max-width: 3640px) 100vw, 3640px\" \/><\/li>\n                <li style=\"display: none; width: 100%;\" class=\"slide-723 ms-image \" aria-roledescription=\"slide\" aria-label=\"slide-723\"><img loading=\"lazy\" decoding=\"async\" width=\"3480\" height=\"1400\" src=\"https:\/\/www.vog.de\/wp-content\/uploads\/2024\/07\/Aprikosen-transformed.png\" class=\"slider-720 slide-723\" alt=\"\" rel=\"\" title=\"Aprikosen-transformed\" srcset=\"https:\/\/www.vog.de\/wp-content\/uploads\/2024\/07\/Aprikosen-transformed.png 3480w, https:\/\/www.vog.de\/wp-content\/uploads\/2024\/07\/Aprikosen-transformed-300x121.png 300w, https:\/\/www.vog.de\/wp-content\/uploads\/2024\/07\/Aprikosen-transformed-1024x412.png 1024w, https:\/\/www.vog.de\/wp-content\/uploads\/2024\/07\/Aprikosen-transformed-768x309.png 768w, https:\/\/www.vog.de\/wp-content\/uploads\/2024\/07\/Aprikosen-transformed-1536x618.png 1536w, https:\/\/www.vog.de\/wp-content\/uploads\/2024\/07\/Aprikosen-transformed-2048x824.png 2048w, https:\/\/www.vog.de\/wp-content\/uploads\/2024\/07\/Aprikosen-transformed-228x92.png 228w\" sizes=\"auto, (max-width: 3480px) 100vw, 3480px\" \/><\/li>\n                <li style=\"display: none; width: 100%;\" class=\"slide-1056 ms-image \" aria-roledescription=\"slide\" aria-label=\"slide-1056\"><img loading=\"lazy\" decoding=\"async\" width=\"3640\" height=\"1400\" src=\"https:\/\/www.vog.de\/wp-content\/uploads\/2024\/07\/lkw-1.png\" class=\"slider-720 slide-1056\" alt=\"\" rel=\"\" title=\"lkw\" srcset=\"https:\/\/www.vog.de\/wp-content\/uploads\/2024\/07\/lkw-1.png 3640w, https:\/\/www.vog.de\/wp-content\/uploads\/2024\/07\/lkw-1-300x115.png 300w, https:\/\/www.vog.de\/wp-content\/uploads\/2024\/07\/lkw-1-1024x394.png 1024w, https:\/\/www.vog.de\/wp-content\/uploads\/2024\/07\/lkw-1-768x295.png 768w, https:\/\/www.vog.de\/wp-content\/uploads\/2024\/07\/lkw-1-1536x591.png 1536w, https:\/\/www.vog.de\/wp-content\/uploads\/2024\/07\/lkw-1-2048x788.png 2048w, https:\/\/www.vog.de\/wp-content\/uploads\/2024\/07\/lkw-1-228x88.png 228w\" sizes=\"auto, (max-width: 3640px) 100vw, 3640px\" \/><\/li>\n                <li style=\"display: none; width: 100%;\" class=\"slide-1098 ms-image \" aria-roledescription=\"slide\" aria-label=\"slide-1098\"><img loading=\"lazy\" decoding=\"async\" width=\"5728\" height=\"1456\" src=\"https:\/\/www.vog.de\/wp-content\/uploads\/2024\/07\/lkws.png\" class=\"slider-720 slide-1098\" alt=\"\" rel=\"\" title=\"lkws\" srcset=\"https:\/\/www.vog.de\/wp-content\/uploads\/2024\/07\/lkws.png 5728w, https:\/\/www.vog.de\/wp-content\/uploads\/2024\/07\/lkws-300x76.png 300w, https:\/\/www.vog.de\/wp-content\/uploads\/2024\/07\/lkws-1024x260.png 1024w, https:\/\/www.vog.de\/wp-content\/uploads\/2024\/07\/lkws-768x195.png 768w, https:\/\/www.vog.de\/wp-content\/uploads\/2024\/07\/lkws-1536x390.png 1536w, https:\/\/www.vog.de\/wp-content\/uploads\/2024\/07\/lkws-2048x521.png 2048w, https:\/\/www.vog.de\/wp-content\/uploads\/2024\/07\/lkws-228x58.png 228w\" sizes=\"auto, (max-width: 5728px) 100vw, 5728px\" \/><\/li>\n            <\/ul>\n        <\/div>\n        \n    <\/div>\n<\/div><\/div>\n\n\n\n<div style=\"height:30px\" aria-hidden=\"true\" class=\"wp-block-spacer\"><\/div>\n\n\n\n<p class=\"has-text-align-left has-primary-color has-text-color has-link-color has-large-font-size wp-elements-03c832dbc769d6961c88057a4fbb7978\" style=\"font-style:normal;font-weight:700\">Druckvorlagen f\u00fcr Etiketten<\/p>\n\n\n\n<p class=\"has-text-align-left has-contrast-color has-text-color has-link-color has-medium-font-size wp-elements-f7c3f54b09644a7828f20fc5809aa99c\"><strong><a href=\"https:\/\/www.vog.de\/wp-content\/uploads\/2024\/07\/Erzeuger-Etiketten-x-8-neu.xls\" target=\"_blank\" rel=\"noreferrer noopener\">Erzeuger Etiketten x 8<\/a><\/strong><\/p>\n\n\n\n<p class=\"has-text-align-left has-contrast-color has-text-color has-link-color has-medium-font-size wp-elements-f1cdf3f541365855585228e70788dda0\"><a href=\"https:\/\/www.vog.de\/wp-content\/uploads\/2024\/07\/Erzeuger-Etiketten-x-4-neu.xls\" target=\"_blank\" rel=\"noreferrer noopener\"><strong>Erzeuger Etiketten x 4<\/strong><\/a><\/p>\n\n\n\n<p class=\"has-text-align-left has-contrast-color has-text-color has-link-color has-medium-font-size wp-elements-ffe73ed03a782262dbe260ceaa68b78c\"><a href=\"https:\/\/www.vog.de\/wp-content\/uploads\/2024\/07\/Erzeuger-Etiketten-fuer-Aepfel-und-Birnen.xls\" target=\"_blank\" rel=\"noreferrer noopener\"><strong>Erzeuger Etiketten f\u00fcr \u00c4pfel und Birnen<\/strong><\/a><\/p>\n","protected":false},"excerpt":{"rendered":"<p>Druckvorlagen f\u00fcr Etiketten Erzeuger Etiketten x 8 Erzeuger Etiketten x 4 Erzeuger Etiketten f\u00fcr \u00c4pfel und Birnen<\/p>\n","protected":false},"author":1,"featured_media":0,"parent":0,"menu_order":0,"comment_status":"closed","ping_status":"closed","template":"","meta":{"footnotes":""},"class_list":["post-59","page","type-page","status-publish","hentry"],"_links":{"self":[{"href":"https:\/\/www.vog.de\/index.php\/wp-json\/wp\/v2\/pages\/59","targetHints":{"allow":["GET"]}}],"collection":[{"href":"https:\/\/www.vog.de\/index.php\/wp-json\/wp\/v2\/pages"}],"about":[{"href":"https:\/\/www.vog.de\/index.php\/wp-json\/wp\/v2\/types\/page"}],"author":[{"embeddable":true,"href":"https:\/\/www.vog.de\/index.php\/wp-json\/wp\/v2\/users\/1"}],"replies":[{"embeddable":true,"href":"https:\/\/www.vog.de\/index.php\/wp-json\/wp\/v2\/comments?post=59"}],"version-history":[{"count":17,"href":"https:\/\/www.vog.de\/index.php\/wp-json\/wp\/v2\/pages\/59\/revisions"}],"predecessor-version":[{"id":1346,"href":"https:\/\/www.vog.de\/index.php\/wp-json\/wp\/v2\/pages\/59\/revisions\/1346"}],"wp:attachment":[{"href":"https:\/\/www.vog.de\/index.php\/wp-json\/wp\/v2\/media?parent=59"}],"curies":[{"name":"wp","href":"https:\/\/api.w.org\/{rel}","templated":true}]}}