{"id":56,"date":"2024-06-19T14:39:51","date_gmt":"2024-06-19T12:39:51","guid":{"rendered":"https:\/\/www.vog.de\/?page_id=56"},"modified":"2024-07-01T14:30:27","modified_gmt":"2024-07-01T12:30:27","slug":"links","status":"publish","type":"page","link":"https:\/\/www.vog.de\/index.php\/links\/","title":{"rendered":""},"content":{"rendered":"\n<div class=\"wp-block-media-text is-stacked-on-mobile\" style=\"grid-template-columns:15% auto\"><figure class=\"wp-block-media-text__media\"><a href=\"https:\/\/www.obst-und-gemuese.de\/\"><img loading=\"lazy\" decoding=\"async\" width=\"150\" height=\"112\" src=\"https:\/\/www.vog.de\/wp-content\/uploads\/2024\/06\/obst-gemuese.gif\" alt=\"\" class=\"wp-image-169 size-full\"\/><\/a><\/figure><div class=\"wp-block-media-text__content\">\n<p class=\"has-text-align-left has-small-font-size\">Saison- und Serviceangebote, Qualit\u00e4tsinformationen, Adressen, Ansprechpartner&#8230;<br>zu rund 100 obst- und Gem\u00fcsesorten aus Deutschland.<\/p>\n<\/div><\/div>\n\n\n\n<div class=\"wp-block-media-text has-media-on-the-right is-stacked-on-mobile\" style=\"grid-template-columns:auto 15%\"><div class=\"wp-block-media-text__content\">\n<p class=\"has-text-align-right has-small-font-size\">Wir bereiten Unternehmen auf die Zukunft vor. Unsere besondere Kompetenz ist die interdisziplin\u00e4re Ausrichtung und Verkn\u00fcpfung unserer Dienstleistungen in Pr\u00fcfung, Beratung und Bildung. Wir entwickeln ganzheitliche L\u00f6sungen, um die Wettbewerbsf\u00e4higkeit unserer Mitglieder, Kunden und Partner zu f\u00f6rdern.<\/p>\n<\/div><figure class=\"wp-block-media-text__media\"><img loading=\"lazy\" decoding=\"async\" width=\"280\" height=\"115\" src=\"https:\/\/www.vog.de\/wp-content\/uploads\/2024\/06\/logo_genossenschaftsverband_frankfurt.jpg\" alt=\"\" class=\"wp-image-170 size-full\"\/><\/figure><\/div>\n\n\n\n<div class=\"wp-block-media-text is-stacked-on-mobile\" style=\"grid-template-columns:15% auto\"><figure class=\"wp-block-media-text__media\"><a href=\"https:\/\/www.raiffeisen.de\/\"><img loading=\"lazy\" decoding=\"async\" width=\"135\" height=\"24\" src=\"https:\/\/www.vog.de\/wp-content\/uploads\/2024\/06\/riaffeisen-de.gif\" alt=\"\" class=\"wp-image-171 size-full\"\/><\/a><\/figure><div class=\"wp-block-media-text__content\">\n<p class=\"has-text-align-left has-small-font-size\">Der DRV versteht sich als modernes Dienstleistungsunternehmen, <br>das gemeinsam mit den elf regionalen Verb\u00e4nden <br>die Genossenschaften \u00fcber alle aktuellen und relevanten <br>Gesetzesvorhaben, politische Entscheidungen <br>und Marktentwicklungen informiert und ber\u00e4t<\/p>\n<\/div><\/div>\n\n\n\n<div class=\"wp-block-media-text has-media-on-the-right is-stacked-on-mobile\" style=\"grid-template-columns:auto 15%\"><div class=\"wp-block-media-text__content\">\n<p class=\"has-text-align-right has-small-font-size\">Die Idee des Raiffeisenverbundes ist seit jeher die enge Zusammenarbeit zwischen den<br>Genossenschaften verschiedener Regionen, Stufen und Sparten.<br>Diesem Prinzip verdanken Raiffeisen-Genossenschaften heute ihre Marktposition in der&nbsp;Agrarwirtschaft.<\/p>\n<\/div><figure class=\"wp-block-media-text__media\"><a href=\"https:\/\/www.raiffeisen.com\/\"><img loading=\"lazy\" decoding=\"async\" width=\"155\" height=\"100\" src=\"https:\/\/www.vog.de\/wp-content\/uploads\/2024\/06\/raiffeisen-com.gif\" alt=\"\" class=\"wp-image-172 size-full\"\/><\/a><\/figure><\/div>\n\n\n\n<div class=\"wp-block-media-text is-stacked-on-mobile\" style=\"grid-template-columns:15% auto\"><figure class=\"wp-block-media-text__media\"><a href=\"https:\/\/www.rheinhessen.de\/\"><img loading=\"lazy\" decoding=\"async\" width=\"325\" height=\"207\" src=\"https:\/\/www.vog.de\/wp-content\/uploads\/2024\/06\/rhh_logo_rgb_dach_neu530b200104d8d-8.jpg\" alt=\"\" class=\"wp-image-173 size-full\" srcset=\"https:\/\/www.vog.de\/wp-content\/uploads\/2024\/06\/rhh_logo_rgb_dach_neu530b200104d8d-8.jpg 325w, https:\/\/www.vog.de\/wp-content\/uploads\/2024\/06\/rhh_logo_rgb_dach_neu530b200104d8d-8-300x191.jpg 300w\" sizes=\"auto, (max-width: 325px) 100vw, 325px\" \/><\/a><\/figure><div class=\"wp-block-media-text__content\">\n<p class=\"has-text-align-left has-small-font-size\">Rheinhessen, das Weinland am Rhein, ist ein wachsendes Wirtschaftszentrum mit \u00fcber 600.000 Einwohnern. Dank guter Verkehrsverbindungen und N\u00e4he zu Europas gr\u00f6\u00dftem Flughafen spielt es eine wichtige Br\u00fcckenrolle. Die Region bietet vielf\u00e4ltige Branchen, ausgewogene Betriebsgr\u00f6\u00dfen, hervorragende Bildung, eine dynamische Weinwirtschaft und ist auch als Urlaubsregion attraktiv.<\/p>\n<\/div><\/div>\n","protected":false},"excerpt":{"rendered":"<p>Saison- und Serviceangebote, Qualit\u00e4tsinformationen, Adressen, Ansprechpartner&#8230;zu rund 100 obst- und Gem\u00fcsesorten aus Deutschland. Wir bereiten Unternehmen auf die Zukunft vor. Unsere besondere Kompetenz ist die interdisziplin\u00e4re Ausrichtung und Verkn\u00fcpfung unserer Dienstleistungen in Pr\u00fcfung, Beratung und Bildung. Wir entwickeln ganzheitliche L\u00f6sungen, um die Wettbewerbsf\u00e4higkeit unserer Mitglieder, Kunden und Partner zu f\u00f6rdern. Der DRV versteht sich als [&hellip;]<\/p>\n","protected":false},"author":1,"featured_media":0,"parent":0,"menu_order":0,"comment_status":"closed","ping_status":"closed","template":"","meta":{"footnotes":""},"class_list":["post-56","page","type-page","status-publish","hentry"],"_links":{"self":[{"href":"https:\/\/www.vog.de\/index.php\/wp-json\/wp\/v2\/pages\/56","targetHints":{"allow":["GET"]}}],"collection":[{"href":"https:\/\/www.vog.de\/index.php\/wp-json\/wp\/v2\/pages"}],"about":[{"href":"https:\/\/www.vog.de\/index.php\/wp-json\/wp\/v2\/types\/page"}],"author":[{"embeddable":true,"href":"https:\/\/www.vog.de\/index.php\/wp-json\/wp\/v2\/users\/1"}],"replies":[{"embeddable":true,"href":"https:\/\/www.vog.de\/index.php\/wp-json\/wp\/v2\/comments?post=56"}],"version-history":[{"count":9,"href":"https:\/\/www.vog.de\/index.php\/wp-json\/wp\/v2\/pages\/56\/revisions"}],"predecessor-version":[{"id":847,"href":"https:\/\/www.vog.de\/index.php\/wp-json\/wp\/v2\/pages\/56\/revisions\/847"}],"wp:attachment":[{"href":"https:\/\/www.vog.de\/index.php\/wp-json\/wp\/v2\/media?parent=56"}],"curies":[{"name":"wp","href":"https:\/\/api.w.org\/{rel}","templated":true}]}}