{"id":532,"date":"2024-06-24T14:53:14","date_gmt":"2024-06-24T12:53:14","guid":{"rendered":"https:\/\/www.vog.de\/?page_id=532"},"modified":"2024-07-01T15:07:21","modified_gmt":"2024-07-01T13:07:21","slug":"datenschutz","status":"publish","type":"page","link":"https:\/\/www.vog.de\/index.php\/datenschutz\/","title":{"rendered":"DAtenschutz"},"content":{"rendered":"\n<div style=\"height:30px\" aria-hidden=\"true\" class=\"wp-block-spacer\"><\/div>\n\n\n\n<h2 class=\"wp-block-heading has-primary-color has-text-color has-link-color has-large-font-size wp-elements-24b0e9005f4acd745db8a06438472497\" style=\"font-style:normal;font-weight:700\">Datenschutz <\/h2>\n\n\n\n<p class=\"has-text-align-center\">Unser Umgang mit Ihren Daten und Ihre Rechte<\/p>\n\n\n\n<p class=\"has-text-align-center\">\u2013 Informationen nach Artikeln 13, 14 und 21 der Datenschutz-Grundverordnung (DSGVO) \u2013<\/p>\n\n\n\n<div style=\"height:11px\" aria-hidden=\"true\" class=\"wp-block-spacer\"><\/div>\n\n\n\n<p>Liebe Kundin,<\/p>\n\n\n\n<p>lieber Kunde,<\/p>\n\n\n\n<p>nachfolgend informieren wir Sie \u00fcber die Verarbeitung Ihrer personenbezogenen Daten durch uns und die Ihnen nach den datenschutzrechtlichen Regelungen zustehenden Anspr\u00fcche und Rechte.<\/p>\n\n\n\n<p>Welche Daten im Einzelnen verarbeitet und in welcher Weise genutzt werden, richtet sich ma\u00dfgeblich nach den beantragten bzw. vereinbarten Dienstleistungen.<\/p>\n\n\n\n<div style=\"height:11px\" aria-hidden=\"true\" class=\"wp-block-spacer\"><\/div>\n\n\n\n<p><strong>1.&nbsp;&nbsp;&nbsp;&nbsp;&nbsp;&nbsp;&nbsp;&nbsp;<\/strong><strong>Wer ist f\u00fcr die Datenverarbeitung verantwortlich und an wen kann ich mich wenden?<\/strong><\/p>\n\n\n\n<p style=\"margin-top:var(--wp--preset--spacing--30);margin-bottom:var(--wp--preset--spacing--30)\"><strong>Kontaktdaten des Verantwortlichen:<\/strong><\/p>\n\n\n\n<p style=\"margin-top:0;margin-bottom:0\">Vereinigte Gro\u00dfm\u00e4rkte f\u00fcr Obst + Gem\u00fcse Rheinhessen eG<\/p>\n\n\n\n<p style=\"margin-top:0;margin-bottom:0\">Am Gro\u00dfmarkt 1<\/p>\n\n\n\n<p style=\"margin-top:0;margin-bottom:0\">55218 Ingelheim<\/p>\n\n\n\n<p style=\"margin-top:0;margin-bottom:0\">Telefon: 0 61 32 784-0<\/p>\n\n\n\n<p style=\"margin-top:0;margin-bottom:0\">E-Mail:\u00a0info@vog.de<\/p>\n\n\n\n<div style=\"height:11px\" aria-hidden=\"true\" class=\"wp-block-spacer\"><\/div>\n\n\n\n<p style=\"margin-top:0;margin-bottom:0\"><strong>Kontaktdaten des Datenschutzbeauftragten:<\/strong><\/p>\n\n\n\n<p style=\"margin-top:0;margin-bottom:0\">c\/o DZ CompliancePartner GmbH<\/p>\n\n\n\n<p style=\"margin-top:0;margin-bottom:0\">Wilhelm-Haas-Platz<\/p>\n\n\n\n<p style=\"margin-top:0;margin-bottom:0\">63263 Neu-Isenburg<\/p>\n\n\n\n<p style=\"margin-top:0;margin-bottom:0\">Mobil:&nbsp;&nbsp;+49 172 2677142<\/p>\n\n\n\n<p style=\"margin-top:var(--wp--preset--spacing--30);margin-bottom:var(--wp--preset--spacing--30)\">E-Mail: datenschutz@dz-cp.de<\/p>\n\n\n\n<p><strong>2.\u00a0\u00a0\u00a0\u00a0\u00a0\u00a0\u00a0\u00a0<\/strong><strong>Welche Quellen und Daten nutzen wir?<\/strong><\/p>\n\n\n\n<div style=\"height:11px\" aria-hidden=\"true\" class=\"wp-block-spacer\"><\/div>\n\n\n\n<p>Wir verarbeiten personenbezogene Daten, die wir im Rahmen unserer Gesch\u00e4ftsbeziehung von Ihnen erhalten. Zudem verarbeiten wir \u2013 soweit f\u00fcr die Erbringung unserer Dienstleistungen erforderlich \u2013 personenbezogene Daten, die wir von anderen Unternehmen oder von sonstigen Dritten (z. B. Lieferanten) zul\u00e4ssigerweise (z. B. zur Ausf\u00fchrung von Auftr\u00e4gen, zur Erf\u00fcllung von Vertr\u00e4gen oder aufgrund einer von Ihnen erteilten Einwilligung) erhalten haben. Zum anderen verarbeiten wir personen-bezogene Daten, die wir aus \u00f6ffentlich zug\u00e4nglichen Quellen (z. B. Schuldnerverzeichnisse, Bundesanzeiger, Handels- und Vereinsregister, Presse, Medien) zul\u00e4ssigerweise gewonnen haben und verarbeiten d\u00fcrfen.<\/p>\n\n\n\n<p>Relevante personenbezogene Daten sind Personalien (Name, Adresse und andere Kontaktdaten, Geburtstag und -ort und Staatsangeh\u00f6rigkeit). Dar\u00fcber hinaus k\u00f6nnen dies auch Auftragsdaten (z. B. Zahlungsauftrag), Daten aus der Erf\u00fcllung unserer vertraglichen Verpflichtungen (z. B. Kontodaten, Produktdaten), Informationen \u00fcber Ihre finanzielle Situation (z. B. Bundesanzeiger, Auskunft Kreditreform), Werbe- und Vertriebsdaten, Dokumentationsdaten (z. B. Beratungsprotokoll), Daten \u00fcber Ihre Nutzung von unseren angebotenen Telemedien (z. B. Zeitpunkt des Aufrufs unserer Webseiten, an-geklickte Seiten von uns bzw. Eintr\u00e4ge) sowie andere mit den genannten Kategorien vergleichbare Daten sein.<\/p>\n\n\n\n<div style=\"height:11px\" aria-hidden=\"true\" class=\"wp-block-spacer\"><\/div>\n\n\n\n<p><strong>3.\u00a0\u00a0\u00a0\u00a0\u00a0\u00a0\u00a0\u00a0<\/strong><strong>Wof\u00fcr verarbeiten wir Ihre Daten (Zweck der Verarbeitung) und auf welcher Rechtsgrundlage?<\/strong><\/p>\n\n\n\n<div style=\"height:11px\" aria-hidden=\"true\" class=\"wp-block-spacer\"><\/div>\n\n\n\n<p>Wir verarbeiten personenbezogene Daten im Einklang mit den Bestimmungen der Europ\u00e4ischen Datenschutz-Grundverordnung (DSGVO) und dem Bundesdatenschutzgesetz (BDSG):<\/p>\n\n\n\n<div style=\"height:11px\" aria-hidden=\"true\" class=\"wp-block-spacer\"><\/div>\n\n\n\n<p><strong>3.1\u00a0\u00a0\u00a0\u00a0Zur Erf\u00fcllung von vertraglichen Pflichten (Artikel 6 Abs. 1b DSGVO)<\/strong><\/p>\n\n\n\n<div style=\"height:11px\" aria-hidden=\"true\" class=\"wp-block-spacer\"><\/div>\n\n\n\n<p>Die Verarbeitung personenbezogener Daten (Artikel 4 Nr. 2 DSGVO) erfolgt insbesondere zur Erbringung und zur Durchf\u00fchrung unserer Vertr\u00e4ge oder vorvertraglicher Ma\u00dfnahmen mit Ihnen und der Ausf\u00fchrung Ihrer Auftr\u00e4ge sowie aller mit dem Betrieb und der Verwaltung erforderlichen T\u00e4tigkeiten.<\/p>\n\n\n\n<p>Die Zwecke der Datenverarbeitung richten sich in erster Linie nach dem konkreten Produkt und k\u00f6nnen unter anderem Beratung, Bedarfsanalysen und Betreuung sowie die technische Realisierung umfassen.<\/p>\n\n\n\n<p>Die weiteren Einzelheiten zum Zweck der Datenverarbeitung k\u00f6nnen Sie den jeweiligen Vertragsunterlagen und Gesch\u00e4ftsbedingungen entnehmen.<\/p>\n\n\n\n<div style=\"height:11px\" aria-hidden=\"true\" class=\"wp-block-spacer\"><\/div>\n\n\n\n<p><strong>3.2\u00a0\u00a0\u00a0\u00a0Im Rahmen der Interessenabw\u00e4gung (Artikel 6 Abs. 1f DSGVO)<\/strong><\/p>\n\n\n\n<div style=\"height:11px\" aria-hidden=\"true\" class=\"wp-block-spacer\"><\/div>\n\n\n\n<p>Soweit erforderlich, verarbeiten wir Ihre Daten \u00fcber die eigentliche Erf\u00fcllung des Vertrages hinaus zur<\/p>\n\n\n\n<p>Wahrung berechtigter Interessen von uns oder Dritten wie beispielsweise in den folgenden F\u00e4llen:<\/p>\n\n\n\n<p>\u00b7&nbsp;&nbsp;&nbsp;&nbsp;&nbsp;&nbsp;Konsultation von und Datenaustausch mit Auskunfteien (z. B. SCHUFA) zur Ermittlung von Bonit\u00e4ts- bzw. Ausfallrisiken und des Bedarfs beim Pf\u00e4ndungsschutzkonto oder Basiskonto;<\/p>\n\n\n\n<p>\u00b7&nbsp;&nbsp;&nbsp;&nbsp;&nbsp;&nbsp;Pr\u00fcfung und Optimierung von Verfahren zur Bedarfsanalyse und direkter Kundenansprache;<\/p>\n\n\n\n<p>\u00b7\u00a0\u00a0\u00a0\u00a0\u00a0\u00a0Werbung oder Markt- und Meinungsforschung, soweit sie der Nutzung Ihrer Daten nicht widersprochen haben;<\/p>\n\n\n\n<p>\u00b7&nbsp;&nbsp;&nbsp;&nbsp;&nbsp;&nbsp;Geltendmachung rechtlicher Anspr\u00fcche und Verteidigung bei rechtlichen Streitigkeiten;<\/p>\n\n\n\n<p>\u00b7&nbsp;&nbsp;&nbsp;&nbsp;&nbsp;&nbsp;Gew\u00e4hrleistung der IT-Sicherheit und des IT-Betriebs des Unternehmens;<\/p>\n\n\n\n<p><a><\/a>\u00b7&nbsp;&nbsp;&nbsp;&nbsp;&nbsp;&nbsp;Verhinderung und Aufkl\u00e4rung von Straftaten;<\/p>\n\n\n\n<p>\u00b7&nbsp;&nbsp;&nbsp;&nbsp;&nbsp;&nbsp;Video\u00fcberwachungen dienen der Sammlung von Beweismitteln bei Straftaten. Sie dienen damit dem Schutz von Kundschaft und Mitarbeitern sowie der Wahrnehmung des Hausrechts;<\/p>\n\n\n\n<p>\u00b7&nbsp;&nbsp;&nbsp;&nbsp;&nbsp;&nbsp;Ma\u00dfnahmen zur Geb\u00e4ude- und Anlagensicherheit (z. B. Zutrittskontrollen);<\/p>\n\n\n\n<p>\u00b7&nbsp;&nbsp;&nbsp;&nbsp;&nbsp;&nbsp;Ma\u00dfnahmen zur Sicherstellung des Hausrechts;<\/p>\n\n\n\n<p>\u00b7\u00a0\u00a0\u00a0\u00a0\u00a0\u00a0Ma\u00dfnahmen zur Gesch\u00e4ftssteuerung und Weiterentwicklung von Dienstleistungen und Produkten.<\/p>\n\n\n\n<div style=\"height:11px\" aria-hidden=\"true\" class=\"wp-block-spacer\"><\/div>\n\n\n\n<p><strong>3.3\u00a0\u00a0\u00a0\u00a0Aufgrund Ihrer Einwilligung (Artikel 6 Abs. 1a DSGVO)<\/strong><\/p>\n\n\n\n<div style=\"height:10px\" aria-hidden=\"true\" class=\"wp-block-spacer\"><\/div>\n\n\n\n<p>Soweit Sie uns eine Einwilligung zur Verarbeitung von personenbezogenen Daten f\u00fcr bestimmte Zwecke erteilt haben, ist die Rechtm\u00e4\u00dfigkeit dieser Verarbeitung auf Basis Ihrer Einwilligung gegeben. Eine erteilte Einwilligung kann jederzeit widerrufen werden. Dies gilt auch f\u00fcr den Widerruf von Einwilligungserkl\u00e4rungen, die vor der Geltung der DSGVO, also vor dem 25. Mai 2018, uns gegen\u00fcber erteilt worden sind.<\/p>\n\n\n\n<p>Bitte beachten Sie, dass der Widerruf erst f\u00fcr die Zukunft wirkt. Verarbeitungen, die vor dem Widerruf erfolgt sind, sind davon nicht betroffen.<\/p>\n\n\n\n<div style=\"height:11px\" aria-hidden=\"true\" class=\"wp-block-spacer\"><\/div>\n\n\n\n<p><strong>3.4\u00a0\u00a0\u00a0\u00a0Aufgrund gesetzlicher Vorgaben (Artikel 6 Abs. 1c DSGVO) oder im \u00f6ffentlichen Interesse (Artikel 6 Abs. 1e DSGVO)<\/strong><\/p>\n\n\n\n<div style=\"height:11px\" aria-hidden=\"true\" class=\"wp-block-spacer\"><\/div>\n\n\n\n<p>Zudem unterliegen wir als Unternehmen diversen rechtlichen Verpflichtungen, das hei\u00dft gesetzlichen Anforderungen (z. B. Au\u00dfenwirtschaftsgesetz, Steuergesetze, Handelsgesetze). Zu den Zwecken der Verarbeitung geh\u00f6ren unter anderem die Erf\u00fcllung steuerrechtlicher Kontroll- und Meldepflichten, die Bewertung und Steuerung von Risiken sowie die Bonit\u00e4tspr\u00fcfung.<\/p>\n\n\n\n<div style=\"height:11px\" aria-hidden=\"true\" class=\"wp-block-spacer\"><\/div>\n\n\n\n<p><strong>4.\u00a0\u00a0\u00a0\u00a0\u00a0\u00a0\u00a0\u00a0<\/strong><strong>Wer bekommt meine Daten?<\/strong><\/p>\n\n\n\n<div style=\"height:11px\" aria-hidden=\"true\" class=\"wp-block-spacer\"><\/div>\n\n\n\n<p>Innerhalb des Unternehmens erhalten diejenigen Stellen Zugriff auf Ihre Daten, die diese zur Erf\u00fcllung unserer vertraglichen und gesetzlichen Pflichten brauchen. Auch von uns eingesetzte Auftragsverarbeiter (Artikel 28 DSGVO) k\u00f6nnen zu diesen genannten Zwecken Daten erhalten. Dies sind Unter-nehmen in den Kategorien IT-Dienstleistungen, Logistik, Druckdienstleistungen, Telekommunikation, Inkasso, Vertrieb und Marketing sowie m\u00f6glicherweise Beratung und Consulting.<\/p>\n\n\n\n<p>Im Hinblick auf die Datenweitergabe an Empf\u00e4nger au\u00dferhalb des Unternehmens ist zun\u00e4chst zu beachten, dass wir nach den zwischen Ihnen und uns vereinbarten Allgemeinen Gesch\u00e4ftsbedingun-gen zur Verschwiegenheit \u00fcber alle kundenbezogenen Tatsachen und Wertungen verpflichtet sind, von denen wir Kenntnis erlangen.<\/p>\n\n\n\n<p>Informationen \u00fcber Sie d\u00fcrfen wir nur weitergeben, wenn gesetzliche Bestimmungen dies gebieten, Sie eingewilligt haben oder wir zur Erteilung einer Auskunft befugt sind. Unter diesen Voraussetzun-gen k\u00f6nnen Empf\u00e4nger personenbezogener Daten z. B. sein:<\/p>\n\n\n\n<p>\u00b7&nbsp;&nbsp;&nbsp;&nbsp;&nbsp;&nbsp;\u00d6ffentliche Stellen und Institutionen (z. B. Finanzbeh\u00f6rde, Steuerbeh\u00f6rde, Zollbeh\u00f6rde) bei Vorliegen einer gesetzlichen oder beh\u00f6rdlichen Verpflichtung.<\/p>\n\n\n\n<p>\u00b7\u00a0\u00a0\u00a0\u00a0\u00a0\u00a0Andere Einrichtungen, an die wir zur Durchf\u00fchrung der Gesch\u00e4ftsbeziehung mit Ihnen personenbezogene Daten \u00fcbermitteln (je nach Vertrag: z. B. Lieferanten).<\/p>\n\n\n\n<div style=\"height:11px\" aria-hidden=\"true\" class=\"wp-block-spacer\"><\/div>\n\n\n\n<p><strong>5.\u00a0\u00a0\u00a0\u00a0\u00a0\u00a0\u00a0\u00a0<\/strong><strong>Wie lange werden meine Daten gespeichert?<\/strong><\/p>\n\n\n\n<div style=\"height:11px\" aria-hidden=\"true\" class=\"wp-block-spacer\"><\/div>\n\n\n\n<p>Soweit erforderlich, verarbeiten und speichern wir Ihre personenbezogenen Daten f\u00fcr die Dauer unserer Gesch\u00e4ftsbeziehung, was beispielsweise auch die Anbahnung und die Abwicklung eines Vertrages umfasst. Dabei ist zu beachten, dass unsere Gesch\u00e4ftsbeziehung ein Dauerschuldverh\u00e4ltnis ist, welches auf Jahre angelegt ist. Dar\u00fcber hinaus unterliegen wir verschiedenen Aufbewahrungs- und Dokumentationspflichten, die sich unter anderem aus dem Handelsgesetzbuch (HGB), der Abgabenordnung (AO) ergeben. Die dort vorgegebenen Fristen zur Aufbewahrung bzw. Dokumentation betragen zwei bis zehn Jahre. Schlie\u00dflich beurteilt sich die Speicherdauer auch nach den gesetzlichen Verj\u00e4hrungsfristen, die zum Beispiel nach den \u00a7\u00a7 195 ff. des B\u00fcrgerlichen Gesetzbuches (BGB) in der Regel drei Jahre, in gewissen F\u00e4llen aber auch bis zu drei\u00dfig Jahre betragen k\u00f6nnen.<\/p>\n\n\n\n<div style=\"height:12px\" aria-hidden=\"true\" class=\"wp-block-spacer\"><\/div>\n\n\n\n<p><strong>6.\u00a0\u00a0\u00a0\u00a0\u00a0\u00a0\u00a0\u00a0<\/strong><strong>Werden Daten in ein Drittland oder an eine internationale Organisation \u00fcbermittelt?<\/strong><\/p>\n\n\n\n<div style=\"height:11px\" aria-hidden=\"true\" class=\"wp-block-spacer\"><\/div>\n\n\n\n<p>Eine Daten\u00fcbermittlung in Drittstaaten (Staaten au\u00dferhalb des Europ\u00e4ischen Wirtschaftsraums \u2013 EWR) findet nur statt, soweit dies zur Ausf\u00fchrung Ihrer Auftr\u00e4ge erforderlich, gesetzlich vorgeschrieben ist oder Sie uns Ihre Einwilligung erteilt haben. \u00dcber Einzelheiten werden wir Sie, sofern gesetzlich vorgegeben, gesondert informieren.<\/p>\n\n\n\n<div style=\"height:11px\" aria-hidden=\"true\" class=\"wp-block-spacer\"><\/div>\n\n\n\n<p><strong>7.\u00a0\u00a0\u00a0\u00a0\u00a0\u00a0\u00a0\u00a0<\/strong><strong>Welche Datenschutzrechte habe ich?<\/strong><\/p>\n\n\n\n<div style=\"height:11px\" aria-hidden=\"true\" class=\"wp-block-spacer\"><\/div>\n\n\n\n<p>Jede betroffene Person hat das Recht auf\u00a0<strong>Auskunft<\/strong>\u00a0nach Artikel 15 DSGVO, das Recht auf\u00a0<strong>Berichtigung\u00a0<\/strong>nach Artikel 16 DSGVO, das Recht auf<strong>\u00a0L\u00f6schung\u00a0<\/strong>nach Artikel 17 DSGVO, das Recht auf<strong>\u00a0Einschr\u00e4nkung der Verarbeitung\u00a0<\/strong>nach Artikel 18 DSGVO sowie das Recht auf<strong>\u00a0Daten\u00fcbertragbarkeit\u00a0<\/strong>aus Artikel 20 DSGVO. Beim Auskunftsrecht und beim L\u00f6schungsrecht gelten die Einschr\u00e4nkungen nach \u00a7\u00a7 34 und 35 BDSG. Dar\u00fcber hinaus besteht ein Beschwerderecht bei einer Datenschutzaufsichtsbeh\u00f6rde (Artikel 77 DSGVO i. V. m. \u00a7 19 BDSG).<\/p>\n\n\n\n<div style=\"height:11px\" aria-hidden=\"true\" class=\"wp-block-spacer\"><\/div>\n\n\n\n<p><strong>8.\u00a0\u00a0\u00a0\u00a0\u00a0\u00a0\u00a0\u00a0<\/strong><strong>Besteht eine Pflicht zur Bereitstellung von Daten?<\/strong><\/p>\n\n\n\n<div style=\"height:11px\" aria-hidden=\"true\" class=\"wp-block-spacer\"><\/div>\n\n\n\n<p>Im Rahmen unserer Gesch\u00e4ftsbeziehung m\u00fcssen Sie nur diejenigen personenbezogenen Daten bereitstellen, die f\u00fcr die Begr\u00fcndung, Durchf\u00fchrung und Beendigung einer Gesch\u00e4ftsbeziehung erforderlich sind oder zu deren Erhebung wir gesetzlich verpflichtet sind. Ohne diese Daten werden wir in der Regel den Abschluss des Vertrages oder die Ausf\u00fchrung des Auftrages ablehnen m\u00fcssen oder einen bestehenden Vertrag nicht mehr durchf\u00fchren k\u00f6nnen und ggf. beenden m\u00fcssen.<\/p>\n\n\n\n<div style=\"height:11px\" aria-hidden=\"true\" class=\"wp-block-spacer\"><\/div>\n\n\n\n<p><strong>9.\u00a0\u00a0\u00a0\u00a0\u00a0\u00a0\u00a0\u00a0<\/strong><strong>Inwieweit gibt es eine automatisierte Entscheidungsfindung im Einzelfall?<\/strong><\/p>\n\n\n\n<div style=\"height:11px\" aria-hidden=\"true\" class=\"wp-block-spacer\"><\/div>\n\n\n\n<p>Zur Begr\u00fcndung und Durchf\u00fchrung der Gesch\u00e4ftsbeziehung nutzen wir grunds\u00e4tzlich keine vollautomatisierte Entscheidungsfindung gem\u00e4\u00df Artikel 22 DSGVO. Sollten wir diese Verfahren in Einzelf\u00e4llen einsetzen, werden wir Sie hier\u00fcber gesondert informieren, sofern dies gesetzlich vorgegeben ist.<\/p>\n\n\n\n<div style=\"height:11px\" aria-hidden=\"true\" class=\"wp-block-spacer\"><\/div>\n\n\n\n<p><strong>10. Inwieweit werden meine Daten f\u00fcr die Profilbildung (Scoring) genutzt?<\/strong><\/p>\n\n\n\n<div style=\"height:11px\" aria-hidden=\"true\" class=\"wp-block-spacer\"><\/div>\n\n\n\n<p>Um Sie zielgerichtet \u00fcber Produkte informieren und beraten zu k\u00f6nnen, behalten wir uns vor, k\u00fcnftig Auswertungsinstrumente einzusetzen, um eine bedarfsgerechte Kommunikation und Werbung ein-schlie\u00dflich Markt- und Meinungsforschung zu erm\u00f6glichen.<\/p>\n\n\n\n<div style=\"height:11px\" aria-hidden=\"true\" class=\"wp-block-spacer\"><\/div>\n\n\n\n<p class=\"has-text-align-center has-medium-font-size\"><a><\/a><strong>Information \u00fcber Ihr Widerspruchsrecht<\/strong><\/p>\n\n\n\n<p class=\"has-text-align-center has-medium-font-size\"><strong>nach Artikel 21 Datenschutz-Grundverordnung (DSGVO)<\/strong><\/p>\n\n\n\n<div style=\"height:11px\" aria-hidden=\"true\" class=\"wp-block-spacer\"><\/div>\n\n\n\n<p>1.\u00a0\u00a0\u00a0\u00a0Sie haben das Recht, aus Gr\u00fcnden, die sich aus Ihrer besonderen Situation ergeben, jederzeit gegen die Verarbeitung Sie betreffender personenbezogener Daten, die aufgrund von Artikel 6 Absatz 1e DSGVO (Datenverarbeitung im \u00f6ffentlichen Interesse) und Artikel 6 Absatz 1f DSGVO (Datenverarbeitung auf der Grundlage einer Interessenabw\u00e4gung) erfolgt, Widerspruch einzulegen; dies gilt auch f\u00fcr ein auf diese Bestimmung gest\u00fctztes Profiling im Sinne von Artikel 4 Nr. 4 DSGVO, das wir zur Bonit\u00e4tsbewertung oder f\u00fcr Werbezwecke einsetzen.<\/p>\n\n\n\n<p>Legen Sie Widerspruch ein, werden wir Ihre personenbezogenen Daten nicht mehr verarbeiten, es sei denn, wir k\u00f6nnen zwingende schutzw\u00fcrdige Gr\u00fcnde f\u00fcr die Verarbeitung nachweisen, die Ihre Interessen, Rechte und Freiheiten \u00fcberwiegen, oder die Verarbeitung dient der Geltendmachung, Aus\u00fcbung oder Verteidigung von Rechtsanspr\u00fcchen.<\/p>\n\n\n\n<p>2.&nbsp;&nbsp;&nbsp;&nbsp;In Einzelf\u00e4llen verarbeiten wir Ihre personenbezogenen Daten, um Direktwerbung zu betreiben. Sie haben das Recht, jederzeit Widerspruch gegen die Verarbeitung Sie betreffender personen-bezogener Daten zum Zwecke derartiger Werbung einzulegen; dies gilt auch f\u00fcr das Profiling, so-weit es mit solcher Direktwerbung in Verbindung steht.<\/p>\n\n\n\n<p>Widersprechen Sie der Verarbeitung f\u00fcr Zwecke der Direktwerbung, so werden wir Ihre personen-bezogenen Daten nicht mehr f\u00fcr diese Zwecke verarbeiten.<\/p>\n\n\n\n<p style=\"margin-top:var(--wp--preset--spacing--30);margin-bottom:var(--wp--preset--spacing--30)\"><strong>Der Widerspruch kann formfrei erfolgen und sollte m\u00f6glichst gerichtet werden an:<\/strong><\/p>\n\n\n\n<p style=\"margin-top:0;margin-bottom:0;font-style:normal;font-weight:700\">Kontaktdaten des Verantwortlichen:<\/p>\n\n\n\n<p style=\"margin-top:0;margin-bottom:0\">Vereinigte Gro\u00dfm\u00e4rkte f\u00fcr Obst + Gem\u00fcse Rheinhessen eG<\/p>\n\n\n\n<p style=\"margin-top:0;margin-bottom:0\">Am Gro\u00dfmarkt 1<\/p>\n\n\n\n<p style=\"margin-top:0;margin-bottom:0\">55218 Ingelheim<\/p>\n\n\n\n<p style=\"margin-top:0;margin-bottom:0\">Telefon: 0 61 32 784-0<\/p>\n\n\n\n<p style=\"margin-top:0;margin-bottom:var(--wp--preset--spacing--30)\">E-Mail:&nbsp;info@vog.de<\/p>\n\n\n\n<p style=\"margin-top:0;margin-bottom:0;font-style:normal;font-weight:700\">Kontaktdaten des Datenschutzbeauftragten:<\/p>\n\n\n\n<p style=\"margin-top:0;margin-bottom:0\">c\/o DZ CompliancePartner GmbH<\/p>\n\n\n\n<p style=\"margin-top:0;margin-bottom:0\">Wilhelm-Haas-Platz<\/p>\n\n\n\n<p style=\"margin-top:0;margin-bottom:0\">63263 Neu-Isenburg<\/p>\n\n\n\n<p style=\"margin-top:0;margin-bottom:0\">Mobil:&nbsp;&nbsp;+49 172 2677142<\/p>\n\n\n\n<p style=\"margin-top:0;margin-bottom:0\">E-Mail: datenschutz@dz-cp.de<\/p>\n","protected":false},"excerpt":{"rendered":"<p>Datenschutz Unser Umgang mit Ihren Daten und Ihre Rechte \u2013 Informationen nach Artikeln 13, 14 und 21 der Datenschutz-Grundverordnung (DSGVO) \u2013 Liebe Kundin, lieber Kunde, nachfolgend informieren wir Sie \u00fcber die Verarbeitung Ihrer personenbezogenen Daten durch uns und die Ihnen nach den datenschutzrechtlichen Regelungen zustehenden Anspr\u00fcche und Rechte. Welche Daten im Einzelnen verarbeitet und in [&hellip;]<\/p>\n","protected":false},"author":1,"featured_media":0,"parent":0,"menu_order":0,"comment_status":"closed","ping_status":"closed","template":"","meta":{"footnotes":""},"class_list":["post-532","page","type-page","status-publish","hentry"],"_links":{"self":[{"href":"https:\/\/www.vog.de\/index.php\/wp-json\/wp\/v2\/pages\/532","targetHints":{"allow":["GET"]}}],"collection":[{"href":"https:\/\/www.vog.de\/index.php\/wp-json\/wp\/v2\/pages"}],"about":[{"href":"https:\/\/www.vog.de\/index.php\/wp-json\/wp\/v2\/types\/page"}],"author":[{"embeddable":true,"href":"https:\/\/www.vog.de\/index.php\/wp-json\/wp\/v2\/users\/1"}],"replies":[{"embeddable":true,"href":"https:\/\/www.vog.de\/index.php\/wp-json\/wp\/v2\/comments?post=532"}],"version-history":[{"count":5,"href":"https:\/\/www.vog.de\/index.php\/wp-json\/wp\/v2\/pages\/532\/revisions"}],"predecessor-version":[{"id":871,"href":"https:\/\/www.vog.de\/index.php\/wp-json\/wp\/v2\/pages\/532\/revisions\/871"}],"wp:attachment":[{"href":"https:\/\/www.vog.de\/index.php\/wp-json\/wp\/v2\/media?parent=532"}],"curies":[{"name":"wp","href":"https:\/\/api.w.org\/{rel}","templated":true}]}}