{"id":424,"date":"2024-06-24T10:58:25","date_gmt":"2024-06-24T08:58:25","guid":{"rendered":"https:\/\/www.vog.de\/?page_id=424"},"modified":"2024-06-28T08:34:14","modified_gmt":"2024-06-28T06:34:14","slug":"aepfel-sorten","status":"publish","type":"page","link":"https:\/\/www.vog.de\/index.php\/aepfel-sorten\/","title":{"rendered":"\u00e4pfel Sorten"},"content":{"rendered":"\n<div style=\"height:30px\" aria-hidden=\"true\" class=\"wp-block-spacer\"><\/div>\n\n\n\n<figure class=\"wp-block-table is-style-regular\"><table><tbody><tr><td><img loading=\"lazy\" decoding=\"async\" width=\"150\" height=\"150\" class=\"wp-image-427\" style=\"width: 150px;\" src=\"https:\/\/www.vog.de\/wp-content\/uploads\/2024\/06\/Unbenannt.png\" alt=\"\" srcset=\"https:\/\/www.vog.de\/wp-content\/uploads\/2024\/06\/Unbenannt.png 214w, https:\/\/www.vog.de\/wp-content\/uploads\/2024\/06\/Unbenannt-150x150.png 150w\" sizes=\"auto, (max-width: 150px) 100vw, 150px\" \/><a href=\"http:\/\/mc-sale.de\/shop\/aepfel\/292\/boskoop-i-qs-90\/100?c=83\"><\/a><\/td><td><strong><a href=\"http:\/\/mc-sale.de\/shop\/aepfel\/292\/boskoop-i-qs-90\/100?c=83\"><mark style=\"background-color:rgba(0, 0, 0, 0)\" class=\"has-inline-color has-contrast-color\">Boskoop<\/mark><\/a><br><\/strong>Dunkelrote, grosse&nbsp; saftige Frucht mit s\u00e4uerlichem Geschmack,hervorragender Koch- und Backqualit\u00e4t.<br>Reif ab Ende September, im k\u00fchlen Keller haltbar bis Mitte Januar.<\/td><td><img loading=\"lazy\" decoding=\"async\" src=\"https:\/\/www.vog.de\/media\/image\/braeburn51a4b3a559fe2.jpg\" alt=\"braeburn51a4b3a559fe2\" width=\"120\" height=\"120\"><\/td><td class=\"has-text-align-left\" data-align=\"left\"><strong>Braeburn<\/strong><a href=\"http:\/\/mc-sale.de\/shop\/aepfel\/292\/boskoop-i-qs-90\/100?c=83\"><strong><br><\/strong><\/a>gl\u00e4nzend, dunkelrot, kurze Streifen<br>relativ hart,<br>sehr aromatisch<br>Kochen,Backen,Kompott,Obstsalat,Saft<br>Mitte bis Ende Oktober.<\/td><\/tr><tr><td><img loading=\"lazy\" decoding=\"async\" src=\"https:\/\/www.vog.de\/media\/image\/fuji51a4b3d4ab7b0.jpg\" alt=\"fuji51a4b3d4ab7b0\" width=\"120\" height=\"120\"><\/td><td><strong>Fuji<br><\/strong>mittelgro\u00df und gleichm\u00e4\u00dfig rund, rosa-violett bis braunrot, Deckfarbe gr\u00fcn- bis gelblich,<br>sehr s\u00fc\u00df wenig S\u00e4ure, sehr knackig<br>Ende Oktober<\/td><td><img loading=\"lazy\" decoding=\"async\" src=\"https:\/\/www.vog.de\/media\/image\/elstar51a4b3bdb0ba1.jpg\" alt=\"elstar51a4b3bdb0ba1\" width=\"120\" height=\"120\"><\/td><td class=\"has-text-align-left\" data-align=\"left\"><strong>Elstar<br><\/strong>gelbroter Herbst- und Vorwinterapfel, mittelgrossen, saftig-knackigen Fr\u00fcchten.<br>Reif ab Mitte September, im k\u00fchlen Keller haltbar bis Mitte Dezember.<\/td><\/tr><\/tbody><\/table><\/figure>\n","protected":false},"excerpt":{"rendered":"<p>BoskoopDunkelrote, grosse&nbsp; saftige Frucht mit s\u00e4uerlichem Geschmack,hervorragender Koch- und Backqualit\u00e4t.Reif ab Ende September, im k\u00fchlen Keller haltbar bis Mitte Januar. Braeburngl\u00e4nzend, dunkelrot, kurze Streifenrelativ hart,sehr aromatischKochen,Backen,Kompott,Obstsalat,SaftMitte bis Ende Oktober. Fujimittelgro\u00df und gleichm\u00e4\u00dfig rund, rosa-violett bis braunrot, Deckfarbe gr\u00fcn- bis gelblich,sehr s\u00fc\u00df wenig S\u00e4ure, sehr knackigEnde Oktober Elstargelbroter Herbst- und Vorwinterapfel, mittelgrossen, saftig-knackigen Fr\u00fcchten.Reif ab Mitte [&hellip;]<\/p>\n","protected":false},"author":1,"featured_media":0,"parent":0,"menu_order":0,"comment_status":"closed","ping_status":"closed","template":"","meta":{"footnotes":""},"class_list":["post-424","page","type-page","status-publish","hentry"],"_links":{"self":[{"href":"https:\/\/www.vog.de\/index.php\/wp-json\/wp\/v2\/pages\/424","targetHints":{"allow":["GET"]}}],"collection":[{"href":"https:\/\/www.vog.de\/index.php\/wp-json\/wp\/v2\/pages"}],"about":[{"href":"https:\/\/www.vog.de\/index.php\/wp-json\/wp\/v2\/types\/page"}],"author":[{"embeddable":true,"href":"https:\/\/www.vog.de\/index.php\/wp-json\/wp\/v2\/users\/1"}],"replies":[{"embeddable":true,"href":"https:\/\/www.vog.de\/index.php\/wp-json\/wp\/v2\/comments?post=424"}],"version-history":[{"count":4,"href":"https:\/\/www.vog.de\/index.php\/wp-json\/wp\/v2\/pages\/424\/revisions"}],"predecessor-version":[{"id":799,"href":"https:\/\/www.vog.de\/index.php\/wp-json\/wp\/v2\/pages\/424\/revisions\/799"}],"wp:attachment":[{"href":"https:\/\/www.vog.de\/index.php\/wp-json\/wp\/v2\/media?parent=424"}],"curies":[{"name":"wp","href":"https:\/\/api.w.org\/{rel}","templated":true}]}}